{"id":200,"date":"2019-08-13T07:36:38","date_gmt":"2019-08-13T07:36:38","guid":{"rendered":"http:\/\/exclusive.tokdigitalagency.com\/?page_id=200"},"modified":"2025-04-29T10:34:47","modified_gmt":"2025-04-29T10:34:47","slug":"rreth-nesh-exclusive-properties","status":"publish","type":"page","link":"https:\/\/exclusiveproperties.al\/sq\/rreth-nesh-exclusive-properties\/","title":{"rendered":"Rreth Nesh"},"content":{"rendered":"<h1 class=\"\" data-start=\"86\" data-end=\"122\">Rreth Exclusive Properties Albania<\/h1>\n<p class=\"\" data-start=\"124\" data-end=\"559\"><strong data-start=\"124\" data-end=\"156\">Exclusive Properties Albania<\/strong> \u00ebsht\u00eb nj\u00eb nga kompanit\u00eb udh\u00ebheq\u00ebse t\u00eb pasurive t\u00eb paluajtshme n\u00eb Shqip\u00ebri, e p\u00ebrkushtuar p\u00ebr t\u00eb ofruar sh\u00ebrbime premium t\u00eb pasurive t\u00eb paluajtshme n\u00eb mbar\u00eb vendin. Ne po nd\u00ebrtojm\u00eb platform\u00ebn e par\u00eb <strong data-start=\"355\" data-end=\"420\">ekskluzive dhe luksoze t\u00eb pasurive t\u00eb paluajtshme n\u00eb Shqip\u00ebri<\/strong>, duke e kombinuar at\u00eb me nivelin m\u00eb t\u00eb lart\u00eb t\u00eb teknologjis\u00eb s\u00eb marketingut, p\u00ebr t\u2019i sjell\u00eb tregut shqiptar at\u00eb q\u00eb i ka munguar nd\u00ebr vite.<\/p>\n<h2 class=\"\" data-start=\"561\" data-end=\"575\">Misioni Yn\u00eb<\/h2>\n<p class=\"\" data-start=\"577\" data-end=\"901\">E themeluar n\u00eb gusht t\u00eb vitit 2018 me emrin <strong data-start=\"621\" data-end=\"645\">Exclusive Properties<\/strong>, nga themeluesit <strong data-start=\"663\" data-end=\"676\">Ardi Ymaj<\/strong> dhe <strong data-start=\"681\" data-end=\"701\">Lorigela Beleshi<\/strong>, kompania drejtohet nga nj\u00eb ekip inovator\u00ebsh me eksperienc\u00eb. K\u00ebta pionier\u00eb t\u00eb d\u00ebshmuar n\u00eb teknologji, pasuri t\u00eb paluajtshme, marketing dhe financ\u00eb po zgjidhin sfidat m\u00eb komplekse t\u00eb tregut imobiliar.<\/p>\n<p class=\"\" data-start=\"903\" data-end=\"1195\">Misioni yn\u00eb \u00ebsht\u00eb t\u00eb b\u00ebjm\u00eb realitetin e pron\u00ebsis\u00eb s\u00eb cil\u00ebsis\u00eb s\u00eb lart\u00eb t\u00eb qasshme p\u00ebr k\u00ebdo q\u00eb d\u00ebshiron t\u00eb jetoj\u00eb apo t\u00eb investoj\u00eb n\u00eb Shqip\u00ebri. Ne fokusohemi n\u00eb nd\u00ebrtimin e marr\u00ebdh\u00ebnieve afatgjata me klient\u00ebt tan\u00eb duke ofruar sh\u00ebrbime t\u00eb personalizuara, transparenc\u00eb dhe k\u00ebshillim profesional.<\/p>\n<h2 class=\"\" data-start=\"1197\" data-end=\"1225\">\u00c7far\u00eb Ofron Kompania Jon\u00eb<\/h2>\n<ul data-start=\"1227\" data-end=\"1470\">\n<li class=\"\" data-start=\"1227\" data-end=\"1299\">\n<p class=\"\" data-start=\"1229\" data-end=\"1299\">Nj\u00eb portofol i gjer\u00eb me apartamente, vila, toka dhe prona komerciale<\/p>\n<\/li>\n<li class=\"\" data-start=\"1300\" data-end=\"1345\">\n<p class=\"\" data-start=\"1302\" data-end=\"1345\">Lista ekskluzive dhe mund\u00ebsi \u201coff-market\u201d<\/p>\n<\/li>\n<li class=\"\" data-start=\"1346\" data-end=\"1410\">\n<p class=\"\" data-start=\"1348\" data-end=\"1410\">Agjent\u00eb profesionist\u00eb q\u00eb flasin shqip, anglisht dhe italisht<\/p>\n<\/li>\n<li class=\"\" data-start=\"1411\" data-end=\"1470\">\n<p class=\"\" data-start=\"1413\" data-end=\"1470\">Mb\u00ebshtetje ligjore dhe asistenc\u00eb e plot\u00eb n\u00eb dokumentacion<\/p>\n<\/li>\n<\/ul>\n<p class=\"\" data-start=\"1472\" data-end=\"1633\">Ne operojm\u00eb n\u00eb t\u00eb gjitha qytetet kryesore dhe destinacionet bregdetare, p\u00ebrfshir\u00eb <strong data-start=\"1554\" data-end=\"1565\">Tiran\u00ebn<\/strong>, <strong data-start=\"1567\" data-end=\"1579\">Durr\u00ebsin<\/strong>, <strong data-start=\"1581\" data-end=\"1591\">Vlor\u00ebn<\/strong>, <strong data-start=\"1593\" data-end=\"1605\">Sarand\u00ebn<\/strong> dhe <strong data-start=\"1610\" data-end=\"1632\">Rivier\u00ebn Shqiptare<\/strong>.<\/p>\n<h2 class=\"\" data-start=\"1635\" data-end=\"1657\">Pse t\u00eb na Zgjidhni Ne?<\/h2>\n<p class=\"\" data-start=\"1659\" data-end=\"1999\"><strong data-start=\"1659\" data-end=\"1691\">Exclusive Properties Albania<\/strong> nuk \u00ebsht\u00eb thjesht nj\u00eb agjenci \u2013 \u00ebsht\u00eb nj\u00eb partner i besuar q\u00eb ju shoq\u00ebron n\u00eb \u00e7do hap t\u00eb udh\u00ebtimit tuaj p\u00ebr t\u00eb bler\u00eb ose investuar n\u00eb prona. Qoft\u00eb blerja e apartamentit tuaj t\u00eb par\u00eb apo zgjerimi i portofolit tuaj t\u00eb investimeve, p\u00ebrkushtimi dhe njohurit\u00eb tona sigurojn\u00eb nj\u00eb eksperienc\u00eb t\u00eb qet\u00eb dhe t\u00eb sigurt.<\/p>\n<h2 class=\"\" data-start=\"2001\" data-end=\"2026\">Ejani t\u00eb Bashk\u00ebpunojm\u00eb<\/h2>\n<p class=\"\" data-start=\"2028\" data-end=\"2274\">Ju mir\u00ebpresim t\u00eb vizitoni zyrat tona, t\u00eb planifikoni nj\u00eb konsult\u00eb apo t\u00eb shfletoni listimet tona m\u00eb t\u00eb fundit. Zbuloni se si <strong data-start=\"2153\" data-end=\"2185\">Exclusive Properties Albania<\/strong> mund t&#8217;ju ndihmoj\u00eb t\u00eb gjeni jo vet\u00ebm nj\u00eb pron\u00eb \u2013 por nj\u00eb <strong data-start=\"2243\" data-end=\"2273\">vend p\u00ebr ta quajtur sht\u00ebpi<\/strong>.<\/p>\n<p class=\"\" data-start=\"2276\" data-end=\"2577\"><strong data-start=\"2276\" data-end=\"2289\">Ardi Ymaj<\/strong> \u00ebsht\u00eb nj\u00eb agjent i pasurive t\u00eb paluajtshme me p\u00ebrvoj\u00eb, ve\u00e7an\u00ebrisht n\u00eb zon\u00ebn e \u201cBllokut\u201d, i njohur p\u00ebr ekskluzivitetin q\u00eb ofron ndaj klient\u00ebve t\u00eb tij elit\u00eb dhe portofolit me prona t\u00eb nivelit t\u00eb lart\u00eb. Ai beson se <strong data-start=\"2502\" data-end=\"2576\">ekskluziviteti \u00ebsht\u00eb ajo q\u00eb e dallon v\u00ebrtet bot\u00ebn e biznesit imobiliar<\/strong>.<\/p>\n<p class=\"\" data-start=\"2579\" data-end=\"2866\"><strong data-start=\"2579\" data-end=\"2599\">Lorigela Beleshi<\/strong> ka qen\u00eb gjithmon\u00eb \u00e7el\u00ebsi m\u00eb i fort\u00eb i pasurive t\u00eb paluajtshme pas sken\u00ebs, duke e \u00e7uar industrin\u00eb n\u00eb nj\u00eb nivel tjet\u00ebr p\u00ebrmes fuqis\u00eb s\u00eb marketingut, strategjis\u00eb s\u00eb biznesit dhe teknologjis\u00eb \u2013 tre shtylla t\u00eb fuqishme q\u00eb ajo i nd\u00ebrthur p\u00ebr t\u00eb nxjerr\u00eb n\u00eb pah m\u00eb t\u00eb mir\u00ebn.<\/p>\n","protected":false},"excerpt":{"rendered":"<p>Rreth Exclusive Properties Albania Exclusive Properties Albania \u00ebsht\u00eb nj\u00eb nga kompanit\u00eb udh\u00ebheq\u00ebse t\u00eb pasurive t\u00eb paluajtshme n\u00eb Shqip\u00ebri, e p\u00ebrkushtuar p\u00ebr t\u00eb ofruar sh\u00ebrbime premium t\u00eb pasurive t\u00eb paluajtshme n\u00eb mbar\u00eb vendin. Ne po nd\u00ebrtojm\u00eb platform\u00ebn e par\u00eb ekskluzive dhe luksoze t\u00eb pasurive t\u00eb paluajtshme n\u00eb Shqip\u00ebri, duke e kombinuar at\u00eb me nivelin m\u00eb t\u00eb [&hellip;]<\/p>\n","protected":false},"author":1,"featured_media":0,"parent":0,"menu_order":0,"comment_status":"closed","ping_status":"closed","template":"template-about.php","meta":{"_acf_changed":false,"footnotes":""},"class_list":["post-200","page","type-page","status-publish","hentry"],"acf":[],"yoast_head":"<!-- This site is optimized with the Yoast SEO plugin v27.3 - https:\/\/yoast.com\/product\/yoast-seo-wordpress\/ -->\n<title>Rreth Nesh | Exclusive Properties Albania<\/title>\n<meta name=\"description\" content=\"M\u00ebsoni m\u00eb shum\u00eb p\u00ebr kompanin\u00eb Exclusive Properties Albania dhe sh\u00ebrbin e saj t\u00eb pasurive t\u00eb paluajtshme n\u00eb Shqip\u00ebr\u00ed\" \/>\n<meta name=\"robots\" content=\"index, follow, max-snippet:-1, max-image-preview:large, max-video-preview:-1\" \/>\n<link rel=\"canonical\" href=\"https:\/\/exclusiveproperties.al\/sq\/rreth-nesh-exclusive-properties\/\" \/>\n<meta property=\"og:locale\" content=\"sq_AL\" \/>\n<meta property=\"og:type\" content=\"article\" \/>\n<meta property=\"og:title\" content=\"Rreth Nesh | Exclusive Properties Albania\" \/>\n<meta property=\"og:description\" content=\"M\u00ebsoni m\u00eb shum\u00eb p\u00ebr kompanin\u00eb Exclusive Properties Albania dhe sh\u00ebrbin e saj t\u00eb pasurive t\u00eb paluajtshme n\u00eb Shqip\u00ebr\u00ed\" \/>\n<meta property=\"og:url\" content=\"https:\/\/exclusiveproperties.al\/sq\/rreth-nesh-exclusive-properties\/\" \/>\n<meta property=\"og:site_name\" content=\"Exclusive Properties\" \/>\n<meta property=\"article:publisher\" content=\"https:\/\/www.facebook.com\/exclusiveproperties.al\/\" \/>\n<meta property=\"article:modified_time\" content=\"2025-04-29T10:34:47+00:00\" \/>\n<meta name=\"twitter:card\" content=\"summary_large_image\" \/>\n<meta name=\"twitter:label1\" content=\"Est. reading time\" \/>\n\t<meta name=\"twitter:data1\" content=\"2 minutes\" \/>\n<script type=\"application\/ld+json\" class=\"yoast-schema-graph\">{\"@context\":\"https:\\\/\\\/schema.org\",\"@graph\":[{\"@type\":\"WebPage\",\"@id\":\"https:\\\/\\\/exclusiveproperties.al\\\/sq\\\/rreth-nesh-exclusive-properties\\\/\",\"url\":\"https:\\\/\\\/exclusiveproperties.al\\\/sq\\\/rreth-nesh-exclusive-properties\\\/\",\"name\":\"Rreth Nesh | Exclusive Properties Albania\",\"isPartOf\":{\"@id\":\"https:\\\/\\\/exclusiveproperties.al\\\/sq\\\/#website\"},\"datePublished\":\"2019-08-13T07:36:38+00:00\",\"dateModified\":\"2025-04-29T10:34:47+00:00\",\"description\":\"M\u00ebsoni m\u00eb shum\u00eb p\u00ebr kompanin\u00eb Exclusive Properties Albania dhe sh\u00ebrbin e saj t\u00eb pasurive t\u00eb paluajtshme n\u00eb Shqip\u00ebr\u00ed\",\"breadcrumb\":{\"@id\":\"https:\\\/\\\/exclusiveproperties.al\\\/sq\\\/rreth-nesh-exclusive-properties\\\/#breadcrumb\"},\"inLanguage\":\"sq-AL\",\"potentialAction\":[{\"@type\":\"ReadAction\",\"target\":[\"https:\\\/\\\/exclusiveproperties.al\\\/sq\\\/rreth-nesh-exclusive-properties\\\/\"]}]},{\"@type\":\"BreadcrumbList\",\"@id\":\"https:\\\/\\\/exclusiveproperties.al\\\/sq\\\/rreth-nesh-exclusive-properties\\\/#breadcrumb\",\"itemListElement\":[{\"@type\":\"ListItem\",\"position\":1,\"name\":\"Home\",\"item\":\"https:\\\/\\\/exclusiveproperties.al\\\/sq\\\/\"},{\"@type\":\"ListItem\",\"position\":2,\"name\":\"Rreth Nesh\"}]},{\"@type\":\"WebSite\",\"@id\":\"https:\\\/\\\/exclusiveproperties.al\\\/sq\\\/#website\",\"url\":\"https:\\\/\\\/exclusiveproperties.al\\\/sq\\\/\",\"name\":\"Exclusive Properties\",\"description\":\"WE SEE, WE VALUE, WE SELL YOUR PROPERTY!\",\"potentialAction\":[{\"@type\":\"SearchAction\",\"target\":{\"@type\":\"EntryPoint\",\"urlTemplate\":\"https:\\\/\\\/exclusiveproperties.al\\\/sq\\\/?s={search_term_string}\"},\"query-input\":{\"@type\":\"PropertyValueSpecification\",\"valueRequired\":true,\"valueName\":\"search_term_string\"}}],\"inLanguage\":\"sq-AL\"}]}<\/script>\n<!-- \/ Yoast SEO plugin. -->","yoast_head_json":{"title":"Rreth Nesh | Exclusive Properties Albania","description":"M\u00ebsoni m\u00eb shum\u00eb p\u00ebr kompanin\u00eb Exclusive Properties Albania dhe sh\u00ebrbin e saj t\u00eb pasurive t\u00eb paluajtshme n\u00eb Shqip\u00ebr\u00ed","robots":{"index":"index","follow":"follow","max-snippet":"max-snippet:-1","max-image-preview":"max-image-preview:large","max-video-preview":"max-video-preview:-1"},"canonical":"https:\/\/exclusiveproperties.al\/sq\/rreth-nesh-exclusive-properties\/","og_locale":"sq_AL","og_type":"article","og_title":"Rreth Nesh | Exclusive Properties Albania","og_description":"M\u00ebsoni m\u00eb shum\u00eb p\u00ebr kompanin\u00eb Exclusive Properties Albania dhe sh\u00ebrbin e saj t\u00eb pasurive t\u00eb paluajtshme n\u00eb Shqip\u00ebr\u00ed","og_url":"https:\/\/exclusiveproperties.al\/sq\/rreth-nesh-exclusive-properties\/","og_site_name":"Exclusive Properties","article_publisher":"https:\/\/www.facebook.com\/exclusiveproperties.al\/","article_modified_time":"2025-04-29T10:34:47+00:00","twitter_card":"summary_large_image","twitter_misc":{"Est. reading time":"2 minutes"},"schema":{"@context":"https:\/\/schema.org","@graph":[{"@type":"WebPage","@id":"https:\/\/exclusiveproperties.al\/sq\/rreth-nesh-exclusive-properties\/","url":"https:\/\/exclusiveproperties.al\/sq\/rreth-nesh-exclusive-properties\/","name":"Rreth Nesh | Exclusive Properties Albania","isPartOf":{"@id":"https:\/\/exclusiveproperties.al\/sq\/#website"},"datePublished":"2019-08-13T07:36:38+00:00","dateModified":"2025-04-29T10:34:47+00:00","description":"M\u00ebsoni m\u00eb shum\u00eb p\u00ebr kompanin\u00eb Exclusive Properties Albania dhe sh\u00ebrbin e saj t\u00eb pasurive t\u00eb paluajtshme n\u00eb Shqip\u00ebr\u00ed","breadcrumb":{"@id":"https:\/\/exclusiveproperties.al\/sq\/rreth-nesh-exclusive-properties\/#breadcrumb"},"inLanguage":"sq-AL","potentialAction":[{"@type":"ReadAction","target":["https:\/\/exclusiveproperties.al\/sq\/rreth-nesh-exclusive-properties\/"]}]},{"@type":"BreadcrumbList","@id":"https:\/\/exclusiveproperties.al\/sq\/rreth-nesh-exclusive-properties\/#breadcrumb","itemListElement":[{"@type":"ListItem","position":1,"name":"Home","item":"https:\/\/exclusiveproperties.al\/sq\/"},{"@type":"ListItem","position":2,"name":"Rreth Nesh"}]},{"@type":"WebSite","@id":"https:\/\/exclusiveproperties.al\/sq\/#website","url":"https:\/\/exclusiveproperties.al\/sq\/","name":"Exclusive Properties","description":"WE SEE, WE VALUE, WE SELL YOUR PROPERTY!","potentialAction":[{"@type":"SearchAction","target":{"@type":"EntryPoint","urlTemplate":"https:\/\/exclusiveproperties.al\/sq\/?s={search_term_string}"},"query-input":{"@type":"PropertyValueSpecification","valueRequired":true,"valueName":"search_term_string"}}],"inLanguage":"sq-AL"}]}},"_links":{"self":[{"href":"https:\/\/exclusiveproperties.al\/sq\/wp-json\/wp\/v2\/pages\/200","targetHints":{"allow":["GET"]}}],"collection":[{"href":"https:\/\/exclusiveproperties.al\/sq\/wp-json\/wp\/v2\/pages"}],"about":[{"href":"https:\/\/exclusiveproperties.al\/sq\/wp-json\/wp\/v2\/types\/page"}],"author":[{"embeddable":true,"href":"https:\/\/exclusiveproperties.al\/sq\/wp-json\/wp\/v2\/users\/1"}],"replies":[{"embeddable":true,"href":"https:\/\/exclusiveproperties.al\/sq\/wp-json\/wp\/v2\/comments?post=200"}],"version-history":[{"count":16,"href":"https:\/\/exclusiveproperties.al\/sq\/wp-json\/wp\/v2\/pages\/200\/revisions"}],"predecessor-version":[{"id":2067,"href":"https:\/\/exclusiveproperties.al\/sq\/wp-json\/wp\/v2\/pages\/200\/revisions\/2067"}],"wp:attachment":[{"href":"https:\/\/exclusiveproperties.al\/sq\/wp-json\/wp\/v2\/media?parent=200"}],"curies":[{"name":"wp","href":"https:\/\/api.w.org\/{rel}","templated":true}]}}