{"id":2024,"date":"2025-04-28T13:32:11","date_gmt":"2025-04-28T13:32:11","guid":{"rendered":"https:\/\/exclusiveproperties.al\/?page_id=2024"},"modified":"2025-04-29T10:10:19","modified_gmt":"2025-04-29T10:10:19","slug":"apartamente-ne-shitje-tirane","status":"publish","type":"page","link":"https:\/\/exclusiveproperties.al\/sq\/apartamente-ne-shitje-tirane\/","title":{"rendered":"Apartamente"},"content":{"rendered":"<h1>Apartamente n\u00eb Shitje n\u00eb Tiran\u00eb<\/h1>\n<p>K\u00ebrkoni apartamente n\u00eb shitje n\u00eb Tiran\u00eb? N\u00eb Exclusive Properties Albania, ju ofrojm\u00eb nj\u00eb p\u00ebrzgjedhje t\u00eb gjer\u00eb apartamentesh t\u00eb p\u00ebrshtatura p\u00ebr nevojat tuaja. Qoft\u00eb nj\u00eb apartament modern n\u00eb qend\u00ebr t\u00eb qytetit, nj\u00eb studio e rehatshme, apo nj\u00eb penthouse luksoz, koleksioni yn\u00eb mbulon t\u00eb gjitha preferencat.<\/p>\n<p>Ofrojm\u00eb:<br \/>\n&#8211; Apartamente 1+1, 2+1 dhe 3+1<br \/>\n&#8211; Nj\u00ebsi n\u00eb nd\u00ebrtesa t\u00eb reja dhe rezidenca prestigjioze<br \/>\n&#8211; Apartamente t\u00eb mobiluara ose bosh<br \/>\n&#8211; Prona me parkim privat, ballkone dhe sh\u00ebrbime cil\u00ebsore<\/p>\n<h2>Investoni n\u00eb Zemr\u00ebn e Shqip\u00ebris\u00eb<\/h2>\n<p>Tirana \u00ebsht\u00eb qyteti me rritjen m\u00eb t\u00eb shpejt\u00eb n\u00eb Shqip\u00ebri, duke ofruar mund\u00ebsi t\u00eb shumta jetese dhe investimi. Blerja e nj\u00eb apartamenti n\u00eb Tiran\u00eb do t\u00eb thot\u00eb investim n\u00eb nj\u00eb qytet q\u00eb rritet \u00e7do dit\u00eb n\u00eb vler\u00eb, ekonomi dhe ndikim nd\u00ebrkomb\u00ebtar.<\/p>\n<p>Shum\u00eb prej apartamenteve tona ndodhen pran\u00eb qendrave biznesi, ambasadave, qendrave tregtare, shkollave dhe parqeve.<br \/>\nZona t\u00eb preferuara p\u00ebr apartamente jan\u00eb:<br \/>\n&#8211; Qendra e Tiran\u00ebs<br \/>\n&#8211; Liqeni Artificial<br \/>\n&#8211; Blloku<br \/>\n&#8211; Komuna e Parisit<br \/>\n&#8211; Rezidencat e reja n\u00eb periferi t\u00eb gjelb\u00ebrta<\/p>\n<h2>Mb\u00ebshtetje Profesionale n\u00eb \u00c7do Hap<\/h2>\n<p>N\u00eb Exclusive Properties, ne ju udh\u00ebheqim q\u00eb nga k\u00ebrkimi i pron\u00ebs deri n\u00eb p\u00ebrfundimin e transaksionit. Sigurohemi q\u00eb \u00e7do hap i procesit t\u00eb jet\u00eb transparent, profesional dhe i suksessh\u00ebm.<\/p>\n<h3>Pse t\u00eb Zgjidhni Exclusive Properties Albania?<\/h3>\n<p>&#8211; Portofol i gjer\u00eb pronash t\u00eb verifikuara<br \/>\n&#8211; Qasje n\u00eb prona \\&#8221;off-market\\&#8221; dhe ekskluzive<br \/>\n&#8211; Proces blerjeje i sigurt dhe transparent<br \/>\n&#8211; K\u00ebshillim i personalizuar sipas nevojave tuaja<\/p>\n<p>Gjeni sot apartamentin tuaj ideal n\u00eb Tiran\u00eb!<\/p>\n<p>\ud83d\udc49 Na Kontaktoni <a href=\"https:\/\/exclusiveproperties.al\/contact-us\/\">https:\/\/exclusiveproperties.al\/kontaktoni-prona-shqiperi<\/a><\/p>\n<p>&nbsp;<\/p>\n<p>&nbsp;<\/p>\n","protected":false},"excerpt":{"rendered":"<p>Apartamente n\u00eb Shitje n\u00eb Tiran\u00eb K\u00ebrkoni apartamente n\u00eb shitje n\u00eb Tiran\u00eb? N\u00eb Exclusive Properties Albania, ju ofrojm\u00eb nj\u00eb p\u00ebrzgjedhje t\u00eb gjer\u00eb apartamentesh t\u00eb p\u00ebrshtatura p\u00ebr nevojat tuaja. Qoft\u00eb nj\u00eb apartament modern n\u00eb qend\u00ebr t\u00eb qytetit, nj\u00eb studio e rehatshme, apo nj\u00eb penthouse luksoz, koleksioni yn\u00eb mbulon t\u00eb gjitha preferencat. Ofrojm\u00eb: &#8211; Apartamente 1+1, 2+1 dhe [&hellip;]<\/p>\n","protected":false},"author":2,"featured_media":0,"parent":0,"menu_order":0,"comment_status":"closed","ping_status":"closed","template":"template-apartment.php","meta":{"_acf_changed":false,"footnotes":""},"class_list":["post-2024","page","type-page","status-publish","hentry"],"acf":[],"yoast_head":"<!-- This site is optimized with the Yoast SEO plugin v27.3 - https:\/\/yoast.com\/product\/yoast-seo-wordpress\/ -->\n<title>Apartamente n\u00eb Shitje n\u00eb Tiran\u00eb | Prona Ekskluzive Albania<\/title>\n<meta name=\"description\" content=\"Zbuloni apartamente moderne dhe luksoze n\u00eb shitje n\u00eb Tiran\u00eb. Gjeni pron\u00ebn tuaj ideale p\u00ebr banim ose investim me ndihm\u00ebn e Exclusive Properties Albania.\" \/>\n<meta name=\"robots\" content=\"index, follow, max-snippet:-1, max-image-preview:large, max-video-preview:-1\" \/>\n<link rel=\"canonical\" href=\"https:\/\/exclusiveproperties.al\/sq\/apartamente-ne-shitje-tirane\/\" \/>\n<meta property=\"og:locale\" content=\"sq_AL\" \/>\n<meta property=\"og:type\" content=\"article\" \/>\n<meta property=\"og:title\" content=\"Apartamente n\u00eb Shitje n\u00eb Tiran\u00eb | Prona Ekskluzive Albania\" \/>\n<meta property=\"og:description\" content=\"Zbuloni apartamente moderne dhe luksoze n\u00eb shitje n\u00eb Tiran\u00eb. Gjeni pron\u00ebn tuaj ideale p\u00ebr banim ose investim me ndihm\u00ebn e Exclusive Properties Albania.\" \/>\n<meta property=\"og:url\" content=\"https:\/\/exclusiveproperties.al\/sq\/apartamente-ne-shitje-tirane\/\" \/>\n<meta property=\"og:site_name\" content=\"Exclusive Properties\" \/>\n<meta property=\"article:publisher\" content=\"https:\/\/www.facebook.com\/exclusiveproperties.al\/\" \/>\n<meta property=\"article:modified_time\" content=\"2025-04-29T10:10:19+00:00\" \/>\n<meta name=\"twitter:card\" content=\"summary_large_image\" \/>\n<meta name=\"twitter:label1\" content=\"Est. reading time\" \/>\n\t<meta name=\"twitter:data1\" content=\"2 minutes\" \/>\n<script type=\"application\/ld+json\" class=\"yoast-schema-graph\">{\"@context\":\"https:\\\/\\\/schema.org\",\"@graph\":[{\"@type\":\"WebPage\",\"@id\":\"https:\\\/\\\/exclusiveproperties.al\\\/sq\\\/apartamente-ne-shitje-tirane\\\/\",\"url\":\"https:\\\/\\\/exclusiveproperties.al\\\/sq\\\/apartamente-ne-shitje-tirane\\\/\",\"name\":\"Apartamente n\u00eb Shitje n\u00eb Tiran\u00eb | Prona Ekskluzive Albania\",\"isPartOf\":{\"@id\":\"https:\\\/\\\/exclusiveproperties.al\\\/sq\\\/#website\"},\"datePublished\":\"2025-04-28T13:32:11+00:00\",\"dateModified\":\"2025-04-29T10:10:19+00:00\",\"description\":\"Zbuloni apartamente moderne dhe luksoze n\u00eb shitje n\u00eb Tiran\u00eb. Gjeni pron\u00ebn tuaj ideale p\u00ebr banim ose investim me ndihm\u00ebn e Exclusive Properties Albania.\",\"breadcrumb\":{\"@id\":\"https:\\\/\\\/exclusiveproperties.al\\\/sq\\\/apartamente-ne-shitje-tirane\\\/#breadcrumb\"},\"inLanguage\":\"sq-AL\",\"potentialAction\":[{\"@type\":\"ReadAction\",\"target\":[\"https:\\\/\\\/exclusiveproperties.al\\\/sq\\\/apartamente-ne-shitje-tirane\\\/\"]}]},{\"@type\":\"BreadcrumbList\",\"@id\":\"https:\\\/\\\/exclusiveproperties.al\\\/sq\\\/apartamente-ne-shitje-tirane\\\/#breadcrumb\",\"itemListElement\":[{\"@type\":\"ListItem\",\"position\":1,\"name\":\"Home\",\"item\":\"https:\\\/\\\/exclusiveproperties.al\\\/sq\\\/\"},{\"@type\":\"ListItem\",\"position\":2,\"name\":\"Apartamente\"}]},{\"@type\":\"WebSite\",\"@id\":\"https:\\\/\\\/exclusiveproperties.al\\\/sq\\\/#website\",\"url\":\"https:\\\/\\\/exclusiveproperties.al\\\/sq\\\/\",\"name\":\"Exclusive Properties\",\"description\":\"WE SEE, WE VALUE, WE SELL YOUR PROPERTY!\",\"potentialAction\":[{\"@type\":\"SearchAction\",\"target\":{\"@type\":\"EntryPoint\",\"urlTemplate\":\"https:\\\/\\\/exclusiveproperties.al\\\/sq\\\/?s={search_term_string}\"},\"query-input\":{\"@type\":\"PropertyValueSpecification\",\"valueRequired\":true,\"valueName\":\"search_term_string\"}}],\"inLanguage\":\"sq-AL\"}]}<\/script>\n<!-- \/ Yoast SEO plugin. -->","yoast_head_json":{"title":"Apartamente n\u00eb Shitje n\u00eb Tiran\u00eb | Prona Ekskluzive Albania","description":"Zbuloni apartamente moderne dhe luksoze n\u00eb shitje n\u00eb Tiran\u00eb. Gjeni pron\u00ebn tuaj ideale p\u00ebr banim ose investim me ndihm\u00ebn e Exclusive Properties Albania.","robots":{"index":"index","follow":"follow","max-snippet":"max-snippet:-1","max-image-preview":"max-image-preview:large","max-video-preview":"max-video-preview:-1"},"canonical":"https:\/\/exclusiveproperties.al\/sq\/apartamente-ne-shitje-tirane\/","og_locale":"sq_AL","og_type":"article","og_title":"Apartamente n\u00eb Shitje n\u00eb Tiran\u00eb | Prona Ekskluzive Albania","og_description":"Zbuloni apartamente moderne dhe luksoze n\u00eb shitje n\u00eb Tiran\u00eb. Gjeni pron\u00ebn tuaj ideale p\u00ebr banim ose investim me ndihm\u00ebn e Exclusive Properties Albania.","og_url":"https:\/\/exclusiveproperties.al\/sq\/apartamente-ne-shitje-tirane\/","og_site_name":"Exclusive Properties","article_publisher":"https:\/\/www.facebook.com\/exclusiveproperties.al\/","article_modified_time":"2025-04-29T10:10:19+00:00","twitter_card":"summary_large_image","twitter_misc":{"Est. reading time":"2 minutes"},"schema":{"@context":"https:\/\/schema.org","@graph":[{"@type":"WebPage","@id":"https:\/\/exclusiveproperties.al\/sq\/apartamente-ne-shitje-tirane\/","url":"https:\/\/exclusiveproperties.al\/sq\/apartamente-ne-shitje-tirane\/","name":"Apartamente n\u00eb Shitje n\u00eb Tiran\u00eb | Prona Ekskluzive Albania","isPartOf":{"@id":"https:\/\/exclusiveproperties.al\/sq\/#website"},"datePublished":"2025-04-28T13:32:11+00:00","dateModified":"2025-04-29T10:10:19+00:00","description":"Zbuloni apartamente moderne dhe luksoze n\u00eb shitje n\u00eb Tiran\u00eb. Gjeni pron\u00ebn tuaj ideale p\u00ebr banim ose investim me ndihm\u00ebn e Exclusive Properties Albania.","breadcrumb":{"@id":"https:\/\/exclusiveproperties.al\/sq\/apartamente-ne-shitje-tirane\/#breadcrumb"},"inLanguage":"sq-AL","potentialAction":[{"@type":"ReadAction","target":["https:\/\/exclusiveproperties.al\/sq\/apartamente-ne-shitje-tirane\/"]}]},{"@type":"BreadcrumbList","@id":"https:\/\/exclusiveproperties.al\/sq\/apartamente-ne-shitje-tirane\/#breadcrumb","itemListElement":[{"@type":"ListItem","position":1,"name":"Home","item":"https:\/\/exclusiveproperties.al\/sq\/"},{"@type":"ListItem","position":2,"name":"Apartamente"}]},{"@type":"WebSite","@id":"https:\/\/exclusiveproperties.al\/sq\/#website","url":"https:\/\/exclusiveproperties.al\/sq\/","name":"Exclusive Properties","description":"WE SEE, WE VALUE, WE SELL YOUR PROPERTY!","potentialAction":[{"@type":"SearchAction","target":{"@type":"EntryPoint","urlTemplate":"https:\/\/exclusiveproperties.al\/sq\/?s={search_term_string}"},"query-input":{"@type":"PropertyValueSpecification","valueRequired":true,"valueName":"search_term_string"}}],"inLanguage":"sq-AL"}]}},"_links":{"self":[{"href":"https:\/\/exclusiveproperties.al\/sq\/wp-json\/wp\/v2\/pages\/2024","targetHints":{"allow":["GET"]}}],"collection":[{"href":"https:\/\/exclusiveproperties.al\/sq\/wp-json\/wp\/v2\/pages"}],"about":[{"href":"https:\/\/exclusiveproperties.al\/sq\/wp-json\/wp\/v2\/types\/page"}],"author":[{"embeddable":true,"href":"https:\/\/exclusiveproperties.al\/sq\/wp-json\/wp\/v2\/users\/2"}],"replies":[{"embeddable":true,"href":"https:\/\/exclusiveproperties.al\/sq\/wp-json\/wp\/v2\/comments?post=2024"}],"version-history":[{"count":4,"href":"https:\/\/exclusiveproperties.al\/sq\/wp-json\/wp\/v2\/pages\/2024\/revisions"}],"predecessor-version":[{"id":2049,"href":"https:\/\/exclusiveproperties.al\/sq\/wp-json\/wp\/v2\/pages\/2024\/revisions\/2049"}],"wp:attachment":[{"href":"https:\/\/exclusiveproperties.al\/sq\/wp-json\/wp\/v2\/media?parent=2024"}],"curies":[{"name":"wp","href":"https:\/\/api.w.org\/{rel}","templated":true}]}}