{"id":206,"date":"2019-08-13T07:57:52","date_gmt":"2019-08-13T07:57:52","guid":{"rendered":"http:\/\/exclusive.tokdigitalagency.com\/?page_id=206"},"modified":"2025-04-29T10:07:06","modified_gmt":"2025-04-29T10:07:06","slug":"kontaktoni-prona-shqiperi","status":"publish","type":"page","link":"https:\/\/exclusiveproperties.al\/sq\/kontaktoni-prona-shqiperi\/","title":{"rendered":"NA KONTAKTONI"},"content":{"rendered":"<h1>Na Kontaktoni &#8211; Exclusive Properties Albania<\/h1>\n<p>Gati p\u00ebr t\u00eb gjetur sht\u00ebpin\u00eb tuaj t\u00eb \u00ebndrrave, nj\u00eb investim t\u00eb sigurt, ose nj\u00eb pron\u00eb me qira n\u00eb Shqip\u00ebri?<br \/>\nN\u00eb Exclusive Properties Albania, ne jemi k\u00ebtu p\u00ebr t&#8217;ju ndihmuar me p\u00ebrkushtim dhe profesionaliz\u00ebm.<\/p>\n<h2>Pse t\u00eb Na Kontaktoni?<\/h2>\n<p>Ne ofrojm\u00eb:<br \/>\n&#8211; Portofol t\u00eb p\u00ebrzgjedhur me apartamente, vila, zyra dhe toka<br \/>\n&#8211; K\u00ebshillim t\u00eb personalizuar p\u00ebr prona<br \/>\n&#8211; Mb\u00ebshtetje ligjore dhe administrative gjat\u00eb t\u00eb gjith\u00eb procesit<br \/>\n&#8211; Agjent\u00eb q\u00eb flasin shqip, anglisht dhe italisht<\/p>\n<p>Zyra jon\u00eb ndodhet n\u00eb qend\u00ebr t\u00eb Tiran\u00ebs dhe \u00ebsht\u00eb leht\u00ebsisht e aksesueshme p\u00ebr takime.<\/p>\n<h2>Si t\u00eb Na Kontaktoni?<\/h2>\n<p>&#8211; Telefoni: +355 696023888<br \/>\n&#8211; Email:info@exclusiveproperties.al<br \/>\n&#8211; Adresa: Tiran\u00eb, Shqip\u00ebri<\/p>\n<p>Plot\u00ebsoni formularin e kontaktit, d\u00ebrgoni nj\u00eb email ose telefononi p\u00ebr pyetje t\u00eb shpejta.<br \/>\nAgjent\u00ebt tan\u00eb do t\u00eb jen\u00eb pran\u00eb jush n\u00eb \u00e7do hap.<\/p>\n<h3>Na Vizitoni<\/h3>\n<p>Ju mir\u00ebpresim n\u00eb zyrat tona p\u00ebr nj\u00eb konsultim t\u00eb personalizuar dhe p\u00ebr t\u00eb nisur udh\u00ebtimin tuaj t\u00eb ri n\u00eb pasuri t\u00eb paluajtshme!<\/p>\n<p>\ud83d\udc49 Na d\u00ebrgoni nj\u00eb Mesazh <a href=\"https:\/\/exclusiveproperties.al\/sq\/contact-us\/\">https:\/\/exclusiveproperties.al\/kontaktoni-prona-shqiperi<\/a><\/p>\n<p><img loading=\"lazy\" decoding=\"async\" class=\"alignnone size-medium wp-image-537\" src=\"https:\/\/exclusiveproperties.al\/wp-content\/uploads\/2019\/08\/invwsting--300x300.jpeg\" alt=\"\" width=\"300\" height=\"300\" srcset=\"https:\/\/exclusiveproperties.al\/wp-content\/uploads\/2019\/08\/invwsting--300x300.jpeg 300w, https:\/\/exclusiveproperties.al\/wp-content\/uploads\/2019\/08\/invwsting--150x150.jpeg 150w, https:\/\/exclusiveproperties.al\/wp-content\/uploads\/2019\/08\/invwsting--768x768.jpeg 768w, https:\/\/exclusiveproperties.al\/wp-content\/uploads\/2019\/08\/invwsting--788x788.jpeg 788w, https:\/\/exclusiveproperties.al\/wp-content\/uploads\/2019\/08\/invwsting-.jpeg 800w\" sizes=\"auto, (max-width: 300px) 100vw, 300px\" \/><\/p>\n","protected":false},"excerpt":{"rendered":"<p>Na Kontaktoni &#8211; Exclusive Properties Albania Gati p\u00ebr t\u00eb gjetur sht\u00ebpin\u00eb tuaj t\u00eb \u00ebndrrave, nj\u00eb investim t\u00eb sigurt, ose nj\u00eb pron\u00eb me qira n\u00eb Shqip\u00ebri? N\u00eb Exclusive Properties Albania, ne jemi k\u00ebtu p\u00ebr t&#8217;ju ndihmuar me p\u00ebrkushtim dhe profesionaliz\u00ebm. Pse t\u00eb Na Kontaktoni? Ne ofrojm\u00eb: &#8211; Portofol t\u00eb p\u00ebrzgjedhur me apartamente, vila, zyra dhe toka [&hellip;]<\/p>\n","protected":false},"author":1,"featured_media":0,"parent":0,"menu_order":0,"comment_status":"closed","ping_status":"closed","template":"template-contact.php","meta":{"_acf_changed":false,"footnotes":""},"class_list":["post-206","page","type-page","status-publish","hentry"],"acf":[],"yoast_head":"<!-- This site is optimized with the Yoast SEO plugin v27.3 - https:\/\/yoast.com\/product\/yoast-seo-wordpress\/ -->\n<title>Na Kontaktoni - Exclusive Properties Albania<\/title>\n<meta name=\"description\" content=\"Kontaktoni agjent\u00ebt tan\u00eb profesional p\u00ebr blerje, shitje ose qira t\u00eb pasurive te paluajtshme n\u00eb Shqip\u00ebri. Sh\u00ebrbim i shpejt\u00eb dhe i besuar.\" \/>\n<meta name=\"robots\" content=\"index, follow, max-snippet:-1, max-image-preview:large, max-video-preview:-1\" \/>\n<link rel=\"canonical\" href=\"https:\/\/exclusiveproperties.al\/sq\/kontaktoni-prona-shqiperi\/\" \/>\n<meta property=\"og:locale\" content=\"sq_AL\" \/>\n<meta property=\"og:type\" content=\"article\" \/>\n<meta property=\"og:title\" content=\"Na Kontaktoni - Exclusive Properties Albania\" \/>\n<meta property=\"og:description\" content=\"Kontaktoni agjent\u00ebt tan\u00eb profesional p\u00ebr blerje, shitje ose qira t\u00eb pasurive te paluajtshme n\u00eb Shqip\u00ebri. Sh\u00ebrbim i shpejt\u00eb dhe i besuar.\" \/>\n<meta property=\"og:url\" content=\"https:\/\/exclusiveproperties.al\/sq\/kontaktoni-prona-shqiperi\/\" \/>\n<meta property=\"og:site_name\" content=\"Exclusive Properties\" \/>\n<meta property=\"article:publisher\" content=\"https:\/\/www.facebook.com\/exclusiveproperties.al\/\" \/>\n<meta property=\"article:modified_time\" content=\"2025-04-29T10:07:06+00:00\" \/>\n<meta property=\"og:image\" content=\"https:\/\/exclusiveproperties.al\/wp-content\/uploads\/2019\/08\/invwsting-.jpeg\" \/>\n\t<meta property=\"og:image:width\" content=\"800\" \/>\n\t<meta property=\"og:image:height\" content=\"800\" \/>\n\t<meta property=\"og:image:type\" content=\"image\/jpeg\" \/>\n<meta name=\"twitter:card\" content=\"summary_large_image\" \/>\n<meta name=\"twitter:label1\" content=\"Est. reading time\" \/>\n\t<meta name=\"twitter:data1\" content=\"1 minute\" \/>\n<script type=\"application\/ld+json\" class=\"yoast-schema-graph\">{\"@context\":\"https:\\\/\\\/schema.org\",\"@graph\":[{\"@type\":\"WebPage\",\"@id\":\"https:\\\/\\\/exclusiveproperties.al\\\/sq\\\/kontaktoni-prona-shqiperi\\\/\",\"url\":\"https:\\\/\\\/exclusiveproperties.al\\\/sq\\\/kontaktoni-prona-shqiperi\\\/\",\"name\":\"Na Kontaktoni - Exclusive Properties Albania\",\"isPartOf\":{\"@id\":\"https:\\\/\\\/exclusiveproperties.al\\\/sq\\\/#website\"},\"primaryImageOfPage\":{\"@id\":\"https:\\\/\\\/exclusiveproperties.al\\\/sq\\\/kontaktoni-prona-shqiperi\\\/#primaryimage\"},\"image\":{\"@id\":\"https:\\\/\\\/exclusiveproperties.al\\\/sq\\\/kontaktoni-prona-shqiperi\\\/#primaryimage\"},\"thumbnailUrl\":\"https:\\\/\\\/exclusiveproperties.al\\\/wp-content\\\/uploads\\\/2019\\\/08\\\/invwsting--300x300.jpeg\",\"datePublished\":\"2019-08-13T07:57:52+00:00\",\"dateModified\":\"2025-04-29T10:07:06+00:00\",\"description\":\"Kontaktoni agjent\u00ebt tan\u00eb profesional p\u00ebr blerje, shitje ose qira t\u00eb pasurive te paluajtshme n\u00eb Shqip\u00ebri. Sh\u00ebrbim i shpejt\u00eb dhe i besuar.\",\"breadcrumb\":{\"@id\":\"https:\\\/\\\/exclusiveproperties.al\\\/sq\\\/kontaktoni-prona-shqiperi\\\/#breadcrumb\"},\"inLanguage\":\"sq-AL\",\"potentialAction\":[{\"@type\":\"ReadAction\",\"target\":[\"https:\\\/\\\/exclusiveproperties.al\\\/sq\\\/kontaktoni-prona-shqiperi\\\/\"]}]},{\"@type\":\"ImageObject\",\"inLanguage\":\"sq-AL\",\"@id\":\"https:\\\/\\\/exclusiveproperties.al\\\/sq\\\/kontaktoni-prona-shqiperi\\\/#primaryimage\",\"url\":\"https:\\\/\\\/exclusiveproperties.al\\\/wp-content\\\/uploads\\\/2019\\\/08\\\/invwsting--300x300.jpeg\",\"contentUrl\":\"https:\\\/\\\/exclusiveproperties.al\\\/wp-content\\\/uploads\\\/2019\\\/08\\\/invwsting--300x300.jpeg\"},{\"@type\":\"BreadcrumbList\",\"@id\":\"https:\\\/\\\/exclusiveproperties.al\\\/sq\\\/kontaktoni-prona-shqiperi\\\/#breadcrumb\",\"itemListElement\":[{\"@type\":\"ListItem\",\"position\":1,\"name\":\"Home\",\"item\":\"https:\\\/\\\/exclusiveproperties.al\\\/sq\\\/\"},{\"@type\":\"ListItem\",\"position\":2,\"name\":\"NA KONTAKTONI\"}]},{\"@type\":\"WebSite\",\"@id\":\"https:\\\/\\\/exclusiveproperties.al\\\/sq\\\/#website\",\"url\":\"https:\\\/\\\/exclusiveproperties.al\\\/sq\\\/\",\"name\":\"Exclusive Properties\",\"description\":\"WE SEE, WE VALUE, WE SELL YOUR PROPERTY!\",\"potentialAction\":[{\"@type\":\"SearchAction\",\"target\":{\"@type\":\"EntryPoint\",\"urlTemplate\":\"https:\\\/\\\/exclusiveproperties.al\\\/sq\\\/?s={search_term_string}\"},\"query-input\":{\"@type\":\"PropertyValueSpecification\",\"valueRequired\":true,\"valueName\":\"search_term_string\"}}],\"inLanguage\":\"sq-AL\"}]}<\/script>\n<!-- \/ Yoast SEO plugin. -->","yoast_head_json":{"title":"Na Kontaktoni - Exclusive Properties Albania","description":"Kontaktoni agjent\u00ebt tan\u00eb profesional p\u00ebr blerje, shitje ose qira t\u00eb pasurive te paluajtshme n\u00eb Shqip\u00ebri. Sh\u00ebrbim i shpejt\u00eb dhe i besuar.","robots":{"index":"index","follow":"follow","max-snippet":"max-snippet:-1","max-image-preview":"max-image-preview:large","max-video-preview":"max-video-preview:-1"},"canonical":"https:\/\/exclusiveproperties.al\/sq\/kontaktoni-prona-shqiperi\/","og_locale":"sq_AL","og_type":"article","og_title":"Na Kontaktoni - Exclusive Properties Albania","og_description":"Kontaktoni agjent\u00ebt tan\u00eb profesional p\u00ebr blerje, shitje ose qira t\u00eb pasurive te paluajtshme n\u00eb Shqip\u00ebri. Sh\u00ebrbim i shpejt\u00eb dhe i besuar.","og_url":"https:\/\/exclusiveproperties.al\/sq\/kontaktoni-prona-shqiperi\/","og_site_name":"Exclusive Properties","article_publisher":"https:\/\/www.facebook.com\/exclusiveproperties.al\/","article_modified_time":"2025-04-29T10:07:06+00:00","og_image":[{"width":800,"height":800,"url":"https:\/\/exclusiveproperties.al\/wp-content\/uploads\/2019\/08\/invwsting-.jpeg","type":"image\/jpeg"}],"twitter_card":"summary_large_image","twitter_misc":{"Est. reading time":"1 minute"},"schema":{"@context":"https:\/\/schema.org","@graph":[{"@type":"WebPage","@id":"https:\/\/exclusiveproperties.al\/sq\/kontaktoni-prona-shqiperi\/","url":"https:\/\/exclusiveproperties.al\/sq\/kontaktoni-prona-shqiperi\/","name":"Na Kontaktoni - Exclusive Properties Albania","isPartOf":{"@id":"https:\/\/exclusiveproperties.al\/sq\/#website"},"primaryImageOfPage":{"@id":"https:\/\/exclusiveproperties.al\/sq\/kontaktoni-prona-shqiperi\/#primaryimage"},"image":{"@id":"https:\/\/exclusiveproperties.al\/sq\/kontaktoni-prona-shqiperi\/#primaryimage"},"thumbnailUrl":"https:\/\/exclusiveproperties.al\/wp-content\/uploads\/2019\/08\/invwsting--300x300.jpeg","datePublished":"2019-08-13T07:57:52+00:00","dateModified":"2025-04-29T10:07:06+00:00","description":"Kontaktoni agjent\u00ebt tan\u00eb profesional p\u00ebr blerje, shitje ose qira t\u00eb pasurive te paluajtshme n\u00eb Shqip\u00ebri. Sh\u00ebrbim i shpejt\u00eb dhe i besuar.","breadcrumb":{"@id":"https:\/\/exclusiveproperties.al\/sq\/kontaktoni-prona-shqiperi\/#breadcrumb"},"inLanguage":"sq-AL","potentialAction":[{"@type":"ReadAction","target":["https:\/\/exclusiveproperties.al\/sq\/kontaktoni-prona-shqiperi\/"]}]},{"@type":"ImageObject","inLanguage":"sq-AL","@id":"https:\/\/exclusiveproperties.al\/sq\/kontaktoni-prona-shqiperi\/#primaryimage","url":"https:\/\/exclusiveproperties.al\/wp-content\/uploads\/2019\/08\/invwsting--300x300.jpeg","contentUrl":"https:\/\/exclusiveproperties.al\/wp-content\/uploads\/2019\/08\/invwsting--300x300.jpeg"},{"@type":"BreadcrumbList","@id":"https:\/\/exclusiveproperties.al\/sq\/kontaktoni-prona-shqiperi\/#breadcrumb","itemListElement":[{"@type":"ListItem","position":1,"name":"Home","item":"https:\/\/exclusiveproperties.al\/sq\/"},{"@type":"ListItem","position":2,"name":"NA KONTAKTONI"}]},{"@type":"WebSite","@id":"https:\/\/exclusiveproperties.al\/sq\/#website","url":"https:\/\/exclusiveproperties.al\/sq\/","name":"Exclusive Properties","description":"WE SEE, WE VALUE, WE SELL YOUR PROPERTY!","potentialAction":[{"@type":"SearchAction","target":{"@type":"EntryPoint","urlTemplate":"https:\/\/exclusiveproperties.al\/sq\/?s={search_term_string}"},"query-input":{"@type":"PropertyValueSpecification","valueRequired":true,"valueName":"search_term_string"}}],"inLanguage":"sq-AL"}]}},"_links":{"self":[{"href":"https:\/\/exclusiveproperties.al\/sq\/wp-json\/wp\/v2\/pages\/206","targetHints":{"allow":["GET"]}}],"collection":[{"href":"https:\/\/exclusiveproperties.al\/sq\/wp-json\/wp\/v2\/pages"}],"about":[{"href":"https:\/\/exclusiveproperties.al\/sq\/wp-json\/wp\/v2\/types\/page"}],"author":[{"embeddable":true,"href":"https:\/\/exclusiveproperties.al\/sq\/wp-json\/wp\/v2\/users\/1"}],"replies":[{"embeddable":true,"href":"https:\/\/exclusiveproperties.al\/sq\/wp-json\/wp\/v2\/comments?post=206"}],"version-history":[{"count":8,"href":"https:\/\/exclusiveproperties.al\/sq\/wp-json\/wp\/v2\/pages\/206\/revisions"}],"predecessor-version":[{"id":2059,"href":"https:\/\/exclusiveproperties.al\/sq\/wp-json\/wp\/v2\/pages\/206\/revisions\/2059"}],"wp:attachment":[{"href":"https:\/\/exclusiveproperties.al\/sq\/wp-json\/wp\/v2\/media?parent=206"}],"curies":[{"name":"wp","href":"https:\/\/api.w.org\/{rel}","templated":true}]}}