{"id":2070,"date":"2025-04-29T10:45:34","date_gmt":"2025-04-29T10:45:34","guid":{"rendered":"https:\/\/exclusiveproperties.al\/?page_id=2070"},"modified":"2025-04-29T10:45:44","modified_gmt":"2025-04-29T10:45:44","slug":"toke-ne-shitje-shqiperi","status":"publish","type":"page","link":"https:\/\/exclusiveproperties.al\/sq\/toke-ne-shitje-shqiperi\/","title":{"rendered":"Tok\u00eb"},"content":{"rendered":"<h1>Tok\u00eb n\u00eb Shitje n\u00eb Shqip\u00ebri<\/h1>\n<p>Me Exclusive Properties Albania ju mund t\u00eb eksploroni oferta t\u00eb sigurta dhe t\u00eb verifikuara p\u00ebr tok\u00eb n\u00eb shitje n\u00eb Shqip\u00ebri. N\u00ebse doni t\u00eb nd\u00ebrtoni sht\u00ebpin\u00eb tuaj, nj\u00eb kompleks turistik apo t\u00eb investoni n\u00eb zona me potencial t\u00eb lart\u00eb, ne kemi zgjidhjet ideale p\u00ebr ju.<\/p>\n<h2>Pse t\u00eb Investoni n\u00eb blerje sip\u00ebrfaqe Toke n\u00eb Shqip\u00ebri?<\/h2>\n<p>\u00c7mimet ende t\u00eb favorshme, zhvillimi i tregut dhe k\u00ebrkesa n\u00eb rritje e b\u00ebjn\u00eb Shqip\u00ebrin\u00eb nj\u00eb vend strategjik p\u00ebr blerje toke. Tirana, Durr\u00ebsi, Vlora, Saranda dhe Riviera jan\u00eb nd\u00ebr zonat m\u00eb t\u00eb k\u00ebrkuara p\u00ebr projekte t\u00eb banimit dhe turizmit.<\/p>\n<h2>\u00c7far\u00eb Ofrojm\u00eb<\/h2>\n<p>&#8211; Parcela n\u00eb qytet dhe pran\u00eb bregdetit<br \/>\n&#8211; Toka me leje nd\u00ebrtimi gati<br \/>\n&#8211; Toka bujq\u00ebsore dhe industriale p\u00ebr investime<br \/>\n&#8211; Ndihm\u00eb e plot\u00eb ligjore dhe dokumentacion i garantuar<\/p>\n<p>Ne bashk\u00ebpunojm\u00eb me arkitekt\u00eb, jurist\u00eb dhe bashkit\u00eb p\u00ebr t\u00eb garantuar nj\u00eb proces t\u00eb sigurt dhe t\u00eb strukturuar.<\/p>\n<h3>Filloni Nd\u00ebrtimin e Projektit Tuaj<\/h3>\n<p>Qoft\u00eb nj\u00eb sht\u00ebpi private apo nj\u00eb projekt madhor, ne ju ndihmojm\u00eb t\u00eb gjeni tok\u00ebn e p\u00ebrshtatshme p\u00ebr q\u00ebllimin tuaj.<\/p>\n<p>\ud83d\udc49 Shikoni Toka n\u00eb Shitje <a href=\"https:\/\/exclusiveproperties.al\/contact-real-estate-albania\/\">https:\/\/exclusiveproperties.al\/na-kontaktoni<\/a><\/p>\n","protected":false},"excerpt":{"rendered":"<p>Tok\u00eb n\u00eb Shitje n\u00eb Shqip\u00ebri Me Exclusive Properties Albania ju mund t\u00eb eksploroni oferta t\u00eb sigurta dhe t\u00eb verifikuara p\u00ebr tok\u00eb n\u00eb shitje n\u00eb Shqip\u00ebri. N\u00ebse doni t\u00eb nd\u00ebrtoni sht\u00ebpin\u00eb tuaj, nj\u00eb kompleks turistik apo t\u00eb investoni n\u00eb zona me potencial t\u00eb lart\u00eb, ne kemi zgjidhjet ideale p\u00ebr ju. Pse t\u00eb Investoni n\u00eb blerje sip\u00ebrfaqe [&hellip;]<\/p>\n","protected":false},"author":2,"featured_media":0,"parent":0,"menu_order":0,"comment_status":"closed","ping_status":"closed","template":"template-land.php","meta":{"_acf_changed":false,"footnotes":""},"class_list":["post-2070","page","type-page","status-publish","hentry"],"acf":[],"yoast_head":"<!-- This site is optimized with the Yoast SEO plugin v27.5 - https:\/\/yoast.com\/product\/yoast-seo-wordpress\/ -->\n<title>Tok\u00eb n\u00eb Shitje n\u00eb Shqip\u00ebri | Investime &amp; Nd\u00ebrtime<\/title>\n<meta name=\"description\" content=\"Zbuloni tok\u00eb p\u00ebr shitje n\u00eb Shqip\u00ebri p\u00ebr q\u00ebllime banimi ose zhvillimi. Zona t\u00eb certifikuara n\u00eb Tiran\u00eb, bregdet dhe m\u00eb shum\u00eb.\" \/>\n<meta name=\"robots\" content=\"index, follow, max-snippet:-1, max-image-preview:large, max-video-preview:-1\" \/>\n<link rel=\"canonical\" href=\"https:\/\/exclusiveproperties.al\/sq\/toke-ne-shitje-shqiperi\/\" \/>\n<meta property=\"og:locale\" content=\"sq_AL\" \/>\n<meta property=\"og:type\" content=\"article\" \/>\n<meta property=\"og:title\" content=\"Tok\u00eb n\u00eb Shitje n\u00eb Shqip\u00ebri | Investime &amp; Nd\u00ebrtime\" \/>\n<meta property=\"og:description\" content=\"Zbuloni tok\u00eb p\u00ebr shitje n\u00eb Shqip\u00ebri p\u00ebr q\u00ebllime banimi ose zhvillimi. Zona t\u00eb certifikuara n\u00eb Tiran\u00eb, bregdet dhe m\u00eb shum\u00eb.\" \/>\n<meta property=\"og:url\" content=\"https:\/\/exclusiveproperties.al\/sq\/toke-ne-shitje-shqiperi\/\" \/>\n<meta property=\"og:site_name\" content=\"Exclusive Properties\" \/>\n<meta property=\"article:publisher\" content=\"https:\/\/www.facebook.com\/exclusiveproperties.al\/\" \/>\n<meta property=\"article:modified_time\" content=\"2025-04-29T10:45:44+00:00\" \/>\n<meta name=\"twitter:card\" content=\"summary_large_image\" \/>\n<meta name=\"twitter:label1\" content=\"Est. reading time\" \/>\n\t<meta name=\"twitter:data1\" content=\"1 minute\" \/>\n<script type=\"application\/ld+json\" class=\"yoast-schema-graph\">{\"@context\":\"https:\\\/\\\/schema.org\",\"@graph\":[{\"@type\":\"WebPage\",\"@id\":\"https:\\\/\\\/exclusiveproperties.al\\\/sq\\\/toke-ne-shitje-shqiperi\\\/\",\"url\":\"https:\\\/\\\/exclusiveproperties.al\\\/sq\\\/toke-ne-shitje-shqiperi\\\/\",\"name\":\"Tok\u00eb n\u00eb Shitje n\u00eb Shqip\u00ebri | Investime & Nd\u00ebrtime\",\"isPartOf\":{\"@id\":\"https:\\\/\\\/exclusiveproperties.al\\\/sq\\\/#website\"},\"datePublished\":\"2025-04-29T10:45:34+00:00\",\"dateModified\":\"2025-04-29T10:45:44+00:00\",\"description\":\"Zbuloni tok\u00eb p\u00ebr shitje n\u00eb Shqip\u00ebri p\u00ebr q\u00ebllime banimi ose zhvillimi. Zona t\u00eb certifikuara n\u00eb Tiran\u00eb, bregdet dhe m\u00eb shum\u00eb.\",\"breadcrumb\":{\"@id\":\"https:\\\/\\\/exclusiveproperties.al\\\/sq\\\/toke-ne-shitje-shqiperi\\\/#breadcrumb\"},\"inLanguage\":\"sq-AL\",\"potentialAction\":[{\"@type\":\"ReadAction\",\"target\":[\"https:\\\/\\\/exclusiveproperties.al\\\/sq\\\/toke-ne-shitje-shqiperi\\\/\"]}]},{\"@type\":\"BreadcrumbList\",\"@id\":\"https:\\\/\\\/exclusiveproperties.al\\\/sq\\\/toke-ne-shitje-shqiperi\\\/#breadcrumb\",\"itemListElement\":[{\"@type\":\"ListItem\",\"position\":1,\"name\":\"Home\",\"item\":\"https:\\\/\\\/exclusiveproperties.al\\\/sq\\\/\"},{\"@type\":\"ListItem\",\"position\":2,\"name\":\"Tok\u00eb\"}]},{\"@type\":\"WebSite\",\"@id\":\"https:\\\/\\\/exclusiveproperties.al\\\/sq\\\/#website\",\"url\":\"https:\\\/\\\/exclusiveproperties.al\\\/sq\\\/\",\"name\":\"Exclusive Properties\",\"description\":\"WE SEE, WE VALUE, WE SELL YOUR PROPERTY!\",\"potentialAction\":[{\"@type\":\"SearchAction\",\"target\":{\"@type\":\"EntryPoint\",\"urlTemplate\":\"https:\\\/\\\/exclusiveproperties.al\\\/sq\\\/?s={search_term_string}\"},\"query-input\":{\"@type\":\"PropertyValueSpecification\",\"valueRequired\":true,\"valueName\":\"search_term_string\"}}],\"inLanguage\":\"sq-AL\"}]}<\/script>\n<!-- \/ Yoast SEO plugin. -->","yoast_head_json":{"title":"Tok\u00eb n\u00eb Shitje n\u00eb Shqip\u00ebri | Investime & Nd\u00ebrtime","description":"Zbuloni tok\u00eb p\u00ebr shitje n\u00eb Shqip\u00ebri p\u00ebr q\u00ebllime banimi ose zhvillimi. Zona t\u00eb certifikuara n\u00eb Tiran\u00eb, bregdet dhe m\u00eb shum\u00eb.","robots":{"index":"index","follow":"follow","max-snippet":"max-snippet:-1","max-image-preview":"max-image-preview:large","max-video-preview":"max-video-preview:-1"},"canonical":"https:\/\/exclusiveproperties.al\/sq\/toke-ne-shitje-shqiperi\/","og_locale":"sq_AL","og_type":"article","og_title":"Tok\u00eb n\u00eb Shitje n\u00eb Shqip\u00ebri | Investime & Nd\u00ebrtime","og_description":"Zbuloni tok\u00eb p\u00ebr shitje n\u00eb Shqip\u00ebri p\u00ebr q\u00ebllime banimi ose zhvillimi. Zona t\u00eb certifikuara n\u00eb Tiran\u00eb, bregdet dhe m\u00eb shum\u00eb.","og_url":"https:\/\/exclusiveproperties.al\/sq\/toke-ne-shitje-shqiperi\/","og_site_name":"Exclusive Properties","article_publisher":"https:\/\/www.facebook.com\/exclusiveproperties.al\/","article_modified_time":"2025-04-29T10:45:44+00:00","twitter_card":"summary_large_image","twitter_misc":{"Est. reading time":"1 minute"},"schema":{"@context":"https:\/\/schema.org","@graph":[{"@type":"WebPage","@id":"https:\/\/exclusiveproperties.al\/sq\/toke-ne-shitje-shqiperi\/","url":"https:\/\/exclusiveproperties.al\/sq\/toke-ne-shitje-shqiperi\/","name":"Tok\u00eb n\u00eb Shitje n\u00eb Shqip\u00ebri | Investime & Nd\u00ebrtime","isPartOf":{"@id":"https:\/\/exclusiveproperties.al\/sq\/#website"},"datePublished":"2025-04-29T10:45:34+00:00","dateModified":"2025-04-29T10:45:44+00:00","description":"Zbuloni tok\u00eb p\u00ebr shitje n\u00eb Shqip\u00ebri p\u00ebr q\u00ebllime banimi ose zhvillimi. Zona t\u00eb certifikuara n\u00eb Tiran\u00eb, bregdet dhe m\u00eb shum\u00eb.","breadcrumb":{"@id":"https:\/\/exclusiveproperties.al\/sq\/toke-ne-shitje-shqiperi\/#breadcrumb"},"inLanguage":"sq-AL","potentialAction":[{"@type":"ReadAction","target":["https:\/\/exclusiveproperties.al\/sq\/toke-ne-shitje-shqiperi\/"]}]},{"@type":"BreadcrumbList","@id":"https:\/\/exclusiveproperties.al\/sq\/toke-ne-shitje-shqiperi\/#breadcrumb","itemListElement":[{"@type":"ListItem","position":1,"name":"Home","item":"https:\/\/exclusiveproperties.al\/sq\/"},{"@type":"ListItem","position":2,"name":"Tok\u00eb"}]},{"@type":"WebSite","@id":"https:\/\/exclusiveproperties.al\/sq\/#website","url":"https:\/\/exclusiveproperties.al\/sq\/","name":"Exclusive Properties","description":"WE SEE, WE VALUE, WE SELL YOUR PROPERTY!","potentialAction":[{"@type":"SearchAction","target":{"@type":"EntryPoint","urlTemplate":"https:\/\/exclusiveproperties.al\/sq\/?s={search_term_string}"},"query-input":{"@type":"PropertyValueSpecification","valueRequired":true,"valueName":"search_term_string"}}],"inLanguage":"sq-AL"}]}},"_links":{"self":[{"href":"https:\/\/exclusiveproperties.al\/sq\/wp-json\/wp\/v2\/pages\/2070","targetHints":{"allow":["GET"]}}],"collection":[{"href":"https:\/\/exclusiveproperties.al\/sq\/wp-json\/wp\/v2\/pages"}],"about":[{"href":"https:\/\/exclusiveproperties.al\/sq\/wp-json\/wp\/v2\/types\/page"}],"author":[{"embeddable":true,"href":"https:\/\/exclusiveproperties.al\/sq\/wp-json\/wp\/v2\/users\/2"}],"replies":[{"embeddable":true,"href":"https:\/\/exclusiveproperties.al\/sq\/wp-json\/wp\/v2\/comments?post=2070"}],"version-history":[{"count":1,"href":"https:\/\/exclusiveproperties.al\/sq\/wp-json\/wp\/v2\/pages\/2070\/revisions"}],"predecessor-version":[{"id":2071,"href":"https:\/\/exclusiveproperties.al\/sq\/wp-json\/wp\/v2\/pages\/2070\/revisions\/2071"}],"wp:attachment":[{"href":"https:\/\/exclusiveproperties.al\/sq\/wp-json\/wp\/v2\/media?parent=2070"}],"curies":[{"name":"wp","href":"https:\/\/api.w.org\/{rel}","templated":true}]}}