{"id":2074,"date":"2025-04-29T10:54:07","date_gmt":"2025-04-29T10:54:07","guid":{"rendered":"https:\/\/exclusiveproperties.al\/?page_id=2074"},"modified":"2025-04-29T10:54:19","modified_gmt":"2025-04-29T10:54:19","slug":"zyra-ne-shitje-dhe-qira-shqiperi","status":"publish","type":"page","link":"https:\/\/exclusiveproperties.al\/sq\/zyra-ne-shitje-dhe-qira-shqiperi\/","title":{"rendered":"Zyra"},"content":{"rendered":"<h1>Zyra n\u00eb Shitje dhe me Qira n\u00eb Shqip\u00ebri<\/h1>\n<p>Exclusive Properties Albania ju ofron nj\u00eb p\u00ebrzgjedhje t\u00eb shk\u00eblqyer t\u00eb zyrave n\u00eb shitje dhe me qira n\u00eb Shqip\u00ebri. Qoft\u00eb nj\u00eb start-up, nj\u00eb biznes i konsoliduar ose nj\u00eb investim i huaj, ne kemi hap\u00ebsirat ideale p\u00ebr ju.<\/p>\n<p>Ofrojm\u00eb:<br \/>\n&#8211; Zyra moderne n\u00eb zonat kryesore t\u00eb Tiran\u00ebs<br \/>\n&#8211; Hap\u00ebsira premium n\u00eb rezidenca dhe godina t\u00eb reja<br \/>\n&#8211; Zyra t\u00eb mobiluara ose bosh<br \/>\n&#8211; Kushte fleksibile p\u00ebr qira ose blerje<\/p>\n<p>Pozicionet strategjike af\u00ebr institucioneve dhe rrug\u00ebve kryesore sigurojn\u00eb ekspozim dhe akses t\u00eb lart\u00eb p\u00ebr biznesin tuaj.<\/p>\n<h2>Pse t\u00eb Zgjidhni nj\u00eb Zyr\u00eb me Exclusive Properties?<\/h2>\n<p>&#8211; Lista t\u00eb verifikuara dhe dokumentacion ligjor<br \/>\n&#8211; Mb\u00ebshtetje profesionale gjat\u00eb gjith\u00eb procesit<br \/>\n&#8211; Zgjidhje t\u00eb personalizuara sipas sektorit dhe madh\u00ebsis\u00eb s\u00eb biznesit<br \/>\n&#8211; Qasje n\u00eb prona &#8220;off-market&#8221;<\/p>\n<h3>Siguroni Hap\u00ebsir\u00ebn e Duhur p\u00ebr Biznesin Tuaj<\/h3>\n<p>Rrisni suksesin e biznesit tuaj me nj\u00eb zgjedhje t\u00eb men\u00e7ur n\u00eb tregun e zyrave n\u00eb Shqip\u00ebri.<\/p>\n<p>\ud83d\udc49 Shikoni Zyrat n\u00eb Shitje dhe Qira <a href=\"https:\/\/exclusiveproperties.al\/contact-real-estate-albania\/\">https:\/\/exclusiveproperties.al\/na-kontaktoni<\/a><\/p>\n","protected":false},"excerpt":{"rendered":"<p>Zyra n\u00eb Shitje dhe me Qira n\u00eb Shqip\u00ebri Exclusive Properties Albania ju ofron nj\u00eb p\u00ebrzgjedhje t\u00eb shk\u00eblqyer t\u00eb zyrave n\u00eb shitje dhe me qira n\u00eb Shqip\u00ebri. Qoft\u00eb nj\u00eb start-up, nj\u00eb biznes i konsoliduar ose nj\u00eb investim i huaj, ne kemi hap\u00ebsirat ideale p\u00ebr ju. Ofrojm\u00eb: &#8211; Zyra moderne n\u00eb zonat kryesore t\u00eb Tiran\u00ebs &#8211; Hap\u00ebsira [&hellip;]<\/p>\n","protected":false},"author":2,"featured_media":0,"parent":0,"menu_order":0,"comment_status":"closed","ping_status":"closed","template":"template-officies.php","meta":{"_acf_changed":false,"footnotes":""},"class_list":["post-2074","page","type-page","status-publish","hentry"],"acf":[],"yoast_head":"<!-- This site is optimized with the Yoast SEO plugin v27.4 - https:\/\/yoast.com\/product\/yoast-seo-wordpress\/ -->\n<title>Zyra n\u00eb Shitje dhe me Qira n\u00eb Shqip\u00ebri | Lokacione Premium<\/title>\n<meta name=\"description\" content=\"Zbuloni zyra moderne p\u00ebr shitje dhe qira n\u00eb Shqip\u00ebri. Gjeni hap\u00ebsir\u00ebn ideale p\u00ebr biznesin tuaj me Exclusive Properties.\" \/>\n<meta name=\"robots\" content=\"index, follow, max-snippet:-1, max-image-preview:large, max-video-preview:-1\" \/>\n<link rel=\"canonical\" href=\"https:\/\/exclusiveproperties.al\/sq\/zyra-ne-shitje-dhe-qira-shqiperi\/\" \/>\n<meta property=\"og:locale\" content=\"sq_AL\" \/>\n<meta property=\"og:type\" content=\"article\" \/>\n<meta property=\"og:title\" content=\"Zyra n\u00eb Shitje dhe me Qira n\u00eb Shqip\u00ebri | Lokacione Premium\" \/>\n<meta property=\"og:description\" content=\"Zbuloni zyra moderne p\u00ebr shitje dhe qira n\u00eb Shqip\u00ebri. Gjeni hap\u00ebsir\u00ebn ideale p\u00ebr biznesin tuaj me Exclusive Properties.\" \/>\n<meta property=\"og:url\" content=\"https:\/\/exclusiveproperties.al\/sq\/zyra-ne-shitje-dhe-qira-shqiperi\/\" \/>\n<meta property=\"og:site_name\" content=\"Exclusive Properties\" \/>\n<meta property=\"article:publisher\" content=\"https:\/\/www.facebook.com\/exclusiveproperties.al\/\" \/>\n<meta property=\"article:modified_time\" content=\"2025-04-29T10:54:19+00:00\" \/>\n<meta name=\"twitter:card\" content=\"summary_large_image\" \/>\n<meta name=\"twitter:label1\" content=\"Est. reading time\" \/>\n\t<meta name=\"twitter:data1\" content=\"1 minute\" \/>\n<script type=\"application\/ld+json\" class=\"yoast-schema-graph\">{\"@context\":\"https:\\\/\\\/schema.org\",\"@graph\":[{\"@type\":\"WebPage\",\"@id\":\"https:\\\/\\\/exclusiveproperties.al\\\/sq\\\/zyra-ne-shitje-dhe-qira-shqiperi\\\/\",\"url\":\"https:\\\/\\\/exclusiveproperties.al\\\/sq\\\/zyra-ne-shitje-dhe-qira-shqiperi\\\/\",\"name\":\"Zyra n\u00eb Shitje dhe me Qira n\u00eb Shqip\u00ebri | Lokacione Premium\",\"isPartOf\":{\"@id\":\"https:\\\/\\\/exclusiveproperties.al\\\/sq\\\/#website\"},\"datePublished\":\"2025-04-29T10:54:07+00:00\",\"dateModified\":\"2025-04-29T10:54:19+00:00\",\"description\":\"Zbuloni zyra moderne p\u00ebr shitje dhe qira n\u00eb Shqip\u00ebri. Gjeni hap\u00ebsir\u00ebn ideale p\u00ebr biznesin tuaj me Exclusive Properties.\",\"breadcrumb\":{\"@id\":\"https:\\\/\\\/exclusiveproperties.al\\\/sq\\\/zyra-ne-shitje-dhe-qira-shqiperi\\\/#breadcrumb\"},\"inLanguage\":\"sq-AL\",\"potentialAction\":[{\"@type\":\"ReadAction\",\"target\":[\"https:\\\/\\\/exclusiveproperties.al\\\/sq\\\/zyra-ne-shitje-dhe-qira-shqiperi\\\/\"]}]},{\"@type\":\"BreadcrumbList\",\"@id\":\"https:\\\/\\\/exclusiveproperties.al\\\/sq\\\/zyra-ne-shitje-dhe-qira-shqiperi\\\/#breadcrumb\",\"itemListElement\":[{\"@type\":\"ListItem\",\"position\":1,\"name\":\"Home\",\"item\":\"https:\\\/\\\/exclusiveproperties.al\\\/sq\\\/\"},{\"@type\":\"ListItem\",\"position\":2,\"name\":\"Zyra\"}]},{\"@type\":\"WebSite\",\"@id\":\"https:\\\/\\\/exclusiveproperties.al\\\/sq\\\/#website\",\"url\":\"https:\\\/\\\/exclusiveproperties.al\\\/sq\\\/\",\"name\":\"Exclusive Properties\",\"description\":\"WE SEE, WE VALUE, WE SELL YOUR PROPERTY!\",\"potentialAction\":[{\"@type\":\"SearchAction\",\"target\":{\"@type\":\"EntryPoint\",\"urlTemplate\":\"https:\\\/\\\/exclusiveproperties.al\\\/sq\\\/?s={search_term_string}\"},\"query-input\":{\"@type\":\"PropertyValueSpecification\",\"valueRequired\":true,\"valueName\":\"search_term_string\"}}],\"inLanguage\":\"sq-AL\"}]}<\/script>\n<!-- \/ Yoast SEO plugin. -->","yoast_head_json":{"title":"Zyra n\u00eb Shitje dhe me Qira n\u00eb Shqip\u00ebri | Lokacione Premium","description":"Zbuloni zyra moderne p\u00ebr shitje dhe qira n\u00eb Shqip\u00ebri. Gjeni hap\u00ebsir\u00ebn ideale p\u00ebr biznesin tuaj me Exclusive Properties.","robots":{"index":"index","follow":"follow","max-snippet":"max-snippet:-1","max-image-preview":"max-image-preview:large","max-video-preview":"max-video-preview:-1"},"canonical":"https:\/\/exclusiveproperties.al\/sq\/zyra-ne-shitje-dhe-qira-shqiperi\/","og_locale":"sq_AL","og_type":"article","og_title":"Zyra n\u00eb Shitje dhe me Qira n\u00eb Shqip\u00ebri | Lokacione Premium","og_description":"Zbuloni zyra moderne p\u00ebr shitje dhe qira n\u00eb Shqip\u00ebri. Gjeni hap\u00ebsir\u00ebn ideale p\u00ebr biznesin tuaj me Exclusive Properties.","og_url":"https:\/\/exclusiveproperties.al\/sq\/zyra-ne-shitje-dhe-qira-shqiperi\/","og_site_name":"Exclusive Properties","article_publisher":"https:\/\/www.facebook.com\/exclusiveproperties.al\/","article_modified_time":"2025-04-29T10:54:19+00:00","twitter_card":"summary_large_image","twitter_misc":{"Est. reading time":"1 minute"},"schema":{"@context":"https:\/\/schema.org","@graph":[{"@type":"WebPage","@id":"https:\/\/exclusiveproperties.al\/sq\/zyra-ne-shitje-dhe-qira-shqiperi\/","url":"https:\/\/exclusiveproperties.al\/sq\/zyra-ne-shitje-dhe-qira-shqiperi\/","name":"Zyra n\u00eb Shitje dhe me Qira n\u00eb Shqip\u00ebri | Lokacione Premium","isPartOf":{"@id":"https:\/\/exclusiveproperties.al\/sq\/#website"},"datePublished":"2025-04-29T10:54:07+00:00","dateModified":"2025-04-29T10:54:19+00:00","description":"Zbuloni zyra moderne p\u00ebr shitje dhe qira n\u00eb Shqip\u00ebri. Gjeni hap\u00ebsir\u00ebn ideale p\u00ebr biznesin tuaj me Exclusive Properties.","breadcrumb":{"@id":"https:\/\/exclusiveproperties.al\/sq\/zyra-ne-shitje-dhe-qira-shqiperi\/#breadcrumb"},"inLanguage":"sq-AL","potentialAction":[{"@type":"ReadAction","target":["https:\/\/exclusiveproperties.al\/sq\/zyra-ne-shitje-dhe-qira-shqiperi\/"]}]},{"@type":"BreadcrumbList","@id":"https:\/\/exclusiveproperties.al\/sq\/zyra-ne-shitje-dhe-qira-shqiperi\/#breadcrumb","itemListElement":[{"@type":"ListItem","position":1,"name":"Home","item":"https:\/\/exclusiveproperties.al\/sq\/"},{"@type":"ListItem","position":2,"name":"Zyra"}]},{"@type":"WebSite","@id":"https:\/\/exclusiveproperties.al\/sq\/#website","url":"https:\/\/exclusiveproperties.al\/sq\/","name":"Exclusive Properties","description":"WE SEE, WE VALUE, WE SELL YOUR PROPERTY!","potentialAction":[{"@type":"SearchAction","target":{"@type":"EntryPoint","urlTemplate":"https:\/\/exclusiveproperties.al\/sq\/?s={search_term_string}"},"query-input":{"@type":"PropertyValueSpecification","valueRequired":true,"valueName":"search_term_string"}}],"inLanguage":"sq-AL"}]}},"_links":{"self":[{"href":"https:\/\/exclusiveproperties.al\/sq\/wp-json\/wp\/v2\/pages\/2074","targetHints":{"allow":["GET"]}}],"collection":[{"href":"https:\/\/exclusiveproperties.al\/sq\/wp-json\/wp\/v2\/pages"}],"about":[{"href":"https:\/\/exclusiveproperties.al\/sq\/wp-json\/wp\/v2\/types\/page"}],"author":[{"embeddable":true,"href":"https:\/\/exclusiveproperties.al\/sq\/wp-json\/wp\/v2\/users\/2"}],"replies":[{"embeddable":true,"href":"https:\/\/exclusiveproperties.al\/sq\/wp-json\/wp\/v2\/comments?post=2074"}],"version-history":[{"count":2,"href":"https:\/\/exclusiveproperties.al\/sq\/wp-json\/wp\/v2\/pages\/2074\/revisions"}],"predecessor-version":[{"id":2076,"href":"https:\/\/exclusiveproperties.al\/sq\/wp-json\/wp\/v2\/pages\/2074\/revisions\/2076"}],"wp:attachment":[{"href":"https:\/\/exclusiveproperties.al\/sq\/wp-json\/wp\/v2\/media?parent=2074"}],"curies":[{"name":"wp","href":"https:\/\/api.w.org\/{rel}","templated":true}]}}