{"id":2079,"date":"2025-04-29T11:14:51","date_gmt":"2025-04-29T11:14:51","guid":{"rendered":"https:\/\/exclusiveproperties.al\/?page_id=2079"},"modified":"2025-04-29T11:15:08","modified_gmt":"2025-04-29T11:15:08","slug":"penthouset-luksoze-ne-shitje-shqiperi","status":"publish","type":"page","link":"https:\/\/exclusiveproperties.al\/sq\/prona-ne-shitje-dhe-qira-shqiperi\/penthouset-luksoze-ne-shitje-shqiperi\/","title":{"rendered":"Penthouse"},"content":{"rendered":"<h1>Penthouset Luksoze n\u00eb Shitje n\u00eb Shqip\u00ebri<\/h1>\n<p>Jetoni nj\u00eb nivel t\u00eb ri luksi me p\u00ebrzgjedhjen ton\u00eb t\u00eb **penthouset luksoze n\u00eb shitje n\u00eb Shqip\u00ebri**. Exclusive Properties Albania ju ofron penthouset m\u00eb t\u00eb mira n\u00eb zonat m\u00eb prestigjioze t\u00eb Tiran\u00ebs, bregdetit dhe m\u00eb gjer\u00eb.<\/p>\n<h2>Penthouset q\u00eb disponojm\u00eb<\/h2>\n<p>Ne ofrojm\u00eb:<br \/>\n&#8211; Penthouset me pamje panoramike<br \/>\n&#8211; Duplex dhe triplex t\u00eb stilit t\u00eb lart\u00eb<br \/>\n&#8211; Nj\u00ebsi t\u00eb reja ose t\u00eb dizajnuara nga arkitekt\u00eb t\u00eb njohur<br \/>\n&#8211; Tersa private, pishina n\u00eb tarrac\u00eb dhe sh\u00ebrbime premium<\/p>\n<p>\u00c7do pron\u00eb \u00ebsht\u00eb p\u00ebrzgjedhur me kujdes p\u00ebr cil\u00ebsin\u00eb, arkitektur\u00ebn dhe jetes\u00ebn q\u00eb ofron.<\/p>\n<h2>Pse t\u00eb Investoni n\u00eb nj\u00eb Penthouse n\u00eb Shqip\u00ebri?<\/h2>\n<p>Tregu shqiptar ofron mund\u00ebsi t\u00eb jasht\u00ebzakonshme p\u00ebr luks dhe investim. Nj\u00eb penthouse garanton privat\u00ebsi, hap\u00ebsir\u00eb dhe nj\u00eb kthim t\u00eb lart\u00eb t\u00eb investimit, qoft\u00eb si rezidenc\u00eb primare, sht\u00ebpi pushimi apo pron\u00eb p\u00ebr qira afatshkurt\u00ebr.<\/p>\n<h2>Pse t\u00eb Zgjidhni Exclusive Properties?<\/h2>\n<p>&#8211; Qasje n\u00eb listime ekskluzive jasht\u00eb tregut<br \/>\n&#8211; Asistenc\u00eb e plot\u00eb ligjore dhe financiare<br \/>\n&#8211; Konsulenc\u00eb profesionale nga zgjedhja deri n\u00eb p\u00ebrfundim t\u00eb procesit<br \/>\n&#8211; Eksperienc\u00eb e thelluar n\u00eb tregun e luksit<\/p>\n<h3>Gjeni Penthouse-in e \u00cbndrrave Tuaja<\/h3>\n<p>Le t\u00eb ju ndihmojm\u00eb t\u00eb gjeni vendin tuaj t\u00eb ri ekskluziv.<\/p>\n<p>\ud83d\udc49 Shikoni Penthouset Luksoze <a href=\"https:\/\/exclusiveproperties.al\/contact-real-estate-albania\/\">https:\/\/exclusiveproperties.al\/nakontaktoni<\/a><\/p>\n","protected":false},"excerpt":{"rendered":"<p>Penthouset Luksoze n\u00eb Shitje n\u00eb Shqip\u00ebri Jetoni nj\u00eb nivel t\u00eb ri luksi me p\u00ebrzgjedhjen ton\u00eb t\u00eb **penthouset luksoze n\u00eb shitje n\u00eb Shqip\u00ebri**. Exclusive Properties Albania ju ofron penthouset m\u00eb t\u00eb mira n\u00eb zonat m\u00eb prestigjioze t\u00eb Tiran\u00ebs, bregdetit dhe m\u00eb gjer\u00eb. Penthouset q\u00eb disponojm\u00eb Ne ofrojm\u00eb: &#8211; Penthouset me pamje panoramike &#8211; Duplex dhe triplex [&hellip;]<\/p>\n","protected":false},"author":2,"featured_media":0,"parent":269,"menu_order":0,"comment_status":"closed","ping_status":"closed","template":"template-penthouse.php","meta":{"_acf_changed":false,"footnotes":""},"class_list":["post-2079","page","type-page","status-publish","hentry"],"acf":[],"yoast_head":"<!-- This site is optimized with the Yoast SEO plugin v27.4 - https:\/\/yoast.com\/product\/yoast-seo-wordpress\/ -->\n<title>Penthouset Luksoze n\u00eb Shitje n\u00eb Shqip\u00ebri | Exclusive Properties<\/title>\n<meta name=\"description\" content=\"Zbuloni penthouset m\u00eb luksoze n\u00eb shitje n\u00eb Tiran\u00eb dhe bregdetin shqiptar. Jetoni n\u00eb stil me Exclusive Properties Albania.\" \/>\n<meta name=\"robots\" content=\"index, follow, max-snippet:-1, max-image-preview:large, max-video-preview:-1\" \/>\n<link rel=\"canonical\" href=\"https:\/\/exclusiveproperties.al\/sq\/prona-ne-shitje-dhe-qira-shqiperi\/penthouset-luksoze-ne-shitje-shqiperi\/\" \/>\n<meta property=\"og:locale\" content=\"sq_AL\" \/>\n<meta property=\"og:type\" content=\"article\" \/>\n<meta property=\"og:title\" content=\"Penthouset Luksoze n\u00eb Shitje n\u00eb Shqip\u00ebri | Exclusive Properties\" \/>\n<meta property=\"og:description\" content=\"Zbuloni penthouset m\u00eb luksoze n\u00eb shitje n\u00eb Tiran\u00eb dhe bregdetin shqiptar. Jetoni n\u00eb stil me Exclusive Properties Albania.\" \/>\n<meta property=\"og:url\" content=\"https:\/\/exclusiveproperties.al\/sq\/prona-ne-shitje-dhe-qira-shqiperi\/penthouset-luksoze-ne-shitje-shqiperi\/\" \/>\n<meta property=\"og:site_name\" content=\"Exclusive Properties\" \/>\n<meta property=\"article:publisher\" content=\"https:\/\/www.facebook.com\/exclusiveproperties.al\/\" \/>\n<meta property=\"article:modified_time\" content=\"2025-04-29T11:15:08+00:00\" \/>\n<meta name=\"twitter:card\" content=\"summary_large_image\" \/>\n<meta name=\"twitter:label1\" content=\"Est. reading time\" \/>\n\t<meta name=\"twitter:data1\" content=\"1 minute\" \/>\n<script type=\"application\/ld+json\" class=\"yoast-schema-graph\">{\"@context\":\"https:\\\/\\\/schema.org\",\"@graph\":[{\"@type\":\"WebPage\",\"@id\":\"https:\\\/\\\/exclusiveproperties.al\\\/sq\\\/prona-ne-shitje-dhe-qira-shqiperi\\\/penthouset-luksoze-ne-shitje-shqiperi\\\/\",\"url\":\"https:\\\/\\\/exclusiveproperties.al\\\/sq\\\/prona-ne-shitje-dhe-qira-shqiperi\\\/penthouset-luksoze-ne-shitje-shqiperi\\\/\",\"name\":\"Penthouset Luksoze n\u00eb Shitje n\u00eb Shqip\u00ebri | Exclusive Properties\",\"isPartOf\":{\"@id\":\"https:\\\/\\\/exclusiveproperties.al\\\/sq\\\/#website\"},\"datePublished\":\"2025-04-29T11:14:51+00:00\",\"dateModified\":\"2025-04-29T11:15:08+00:00\",\"description\":\"Zbuloni penthouset m\u00eb luksoze n\u00eb shitje n\u00eb Tiran\u00eb dhe bregdetin shqiptar. Jetoni n\u00eb stil me Exclusive Properties Albania.\",\"breadcrumb\":{\"@id\":\"https:\\\/\\\/exclusiveproperties.al\\\/sq\\\/prona-ne-shitje-dhe-qira-shqiperi\\\/penthouset-luksoze-ne-shitje-shqiperi\\\/#breadcrumb\"},\"inLanguage\":\"sq-AL\",\"potentialAction\":[{\"@type\":\"ReadAction\",\"target\":[\"https:\\\/\\\/exclusiveproperties.al\\\/sq\\\/prona-ne-shitje-dhe-qira-shqiperi\\\/penthouset-luksoze-ne-shitje-shqiperi\\\/\"]}]},{\"@type\":\"BreadcrumbList\",\"@id\":\"https:\\\/\\\/exclusiveproperties.al\\\/sq\\\/prona-ne-shitje-dhe-qira-shqiperi\\\/penthouset-luksoze-ne-shitje-shqiperi\\\/#breadcrumb\",\"itemListElement\":[{\"@type\":\"ListItem\",\"position\":1,\"name\":\"Home\",\"item\":\"https:\\\/\\\/exclusiveproperties.al\\\/sq\\\/\"},{\"@type\":\"ListItem\",\"position\":2,\"name\":\"Pronat\",\"item\":\"https:\\\/\\\/exclusiveproperties.al\\\/sq\\\/prona-ne-shitje-dhe-qira-shqiperi\\\/\"},{\"@type\":\"ListItem\",\"position\":3,\"name\":\"Penthouse\"}]},{\"@type\":\"WebSite\",\"@id\":\"https:\\\/\\\/exclusiveproperties.al\\\/sq\\\/#website\",\"url\":\"https:\\\/\\\/exclusiveproperties.al\\\/sq\\\/\",\"name\":\"Exclusive Properties\",\"description\":\"WE SEE, WE VALUE, WE SELL YOUR PROPERTY!\",\"potentialAction\":[{\"@type\":\"SearchAction\",\"target\":{\"@type\":\"EntryPoint\",\"urlTemplate\":\"https:\\\/\\\/exclusiveproperties.al\\\/sq\\\/?s={search_term_string}\"},\"query-input\":{\"@type\":\"PropertyValueSpecification\",\"valueRequired\":true,\"valueName\":\"search_term_string\"}}],\"inLanguage\":\"sq-AL\"}]}<\/script>\n<!-- \/ Yoast SEO plugin. -->","yoast_head_json":{"title":"Penthouset Luksoze n\u00eb Shitje n\u00eb Shqip\u00ebri | Exclusive Properties","description":"Zbuloni penthouset m\u00eb luksoze n\u00eb shitje n\u00eb Tiran\u00eb dhe bregdetin shqiptar. Jetoni n\u00eb stil me Exclusive Properties Albania.","robots":{"index":"index","follow":"follow","max-snippet":"max-snippet:-1","max-image-preview":"max-image-preview:large","max-video-preview":"max-video-preview:-1"},"canonical":"https:\/\/exclusiveproperties.al\/sq\/prona-ne-shitje-dhe-qira-shqiperi\/penthouset-luksoze-ne-shitje-shqiperi\/","og_locale":"sq_AL","og_type":"article","og_title":"Penthouset Luksoze n\u00eb Shitje n\u00eb Shqip\u00ebri | Exclusive Properties","og_description":"Zbuloni penthouset m\u00eb luksoze n\u00eb shitje n\u00eb Tiran\u00eb dhe bregdetin shqiptar. Jetoni n\u00eb stil me Exclusive Properties Albania.","og_url":"https:\/\/exclusiveproperties.al\/sq\/prona-ne-shitje-dhe-qira-shqiperi\/penthouset-luksoze-ne-shitje-shqiperi\/","og_site_name":"Exclusive Properties","article_publisher":"https:\/\/www.facebook.com\/exclusiveproperties.al\/","article_modified_time":"2025-04-29T11:15:08+00:00","twitter_card":"summary_large_image","twitter_misc":{"Est. reading time":"1 minute"},"schema":{"@context":"https:\/\/schema.org","@graph":[{"@type":"WebPage","@id":"https:\/\/exclusiveproperties.al\/sq\/prona-ne-shitje-dhe-qira-shqiperi\/penthouset-luksoze-ne-shitje-shqiperi\/","url":"https:\/\/exclusiveproperties.al\/sq\/prona-ne-shitje-dhe-qira-shqiperi\/penthouset-luksoze-ne-shitje-shqiperi\/","name":"Penthouset Luksoze n\u00eb Shitje n\u00eb Shqip\u00ebri | Exclusive Properties","isPartOf":{"@id":"https:\/\/exclusiveproperties.al\/sq\/#website"},"datePublished":"2025-04-29T11:14:51+00:00","dateModified":"2025-04-29T11:15:08+00:00","description":"Zbuloni penthouset m\u00eb luksoze n\u00eb shitje n\u00eb Tiran\u00eb dhe bregdetin shqiptar. Jetoni n\u00eb stil me Exclusive Properties Albania.","breadcrumb":{"@id":"https:\/\/exclusiveproperties.al\/sq\/prona-ne-shitje-dhe-qira-shqiperi\/penthouset-luksoze-ne-shitje-shqiperi\/#breadcrumb"},"inLanguage":"sq-AL","potentialAction":[{"@type":"ReadAction","target":["https:\/\/exclusiveproperties.al\/sq\/prona-ne-shitje-dhe-qira-shqiperi\/penthouset-luksoze-ne-shitje-shqiperi\/"]}]},{"@type":"BreadcrumbList","@id":"https:\/\/exclusiveproperties.al\/sq\/prona-ne-shitje-dhe-qira-shqiperi\/penthouset-luksoze-ne-shitje-shqiperi\/#breadcrumb","itemListElement":[{"@type":"ListItem","position":1,"name":"Home","item":"https:\/\/exclusiveproperties.al\/sq\/"},{"@type":"ListItem","position":2,"name":"Pronat","item":"https:\/\/exclusiveproperties.al\/sq\/prona-ne-shitje-dhe-qira-shqiperi\/"},{"@type":"ListItem","position":3,"name":"Penthouse"}]},{"@type":"WebSite","@id":"https:\/\/exclusiveproperties.al\/sq\/#website","url":"https:\/\/exclusiveproperties.al\/sq\/","name":"Exclusive Properties","description":"WE SEE, WE VALUE, WE SELL YOUR PROPERTY!","potentialAction":[{"@type":"SearchAction","target":{"@type":"EntryPoint","urlTemplate":"https:\/\/exclusiveproperties.al\/sq\/?s={search_term_string}"},"query-input":{"@type":"PropertyValueSpecification","valueRequired":true,"valueName":"search_term_string"}}],"inLanguage":"sq-AL"}]}},"_links":{"self":[{"href":"https:\/\/exclusiveproperties.al\/sq\/wp-json\/wp\/v2\/pages\/2079","targetHints":{"allow":["GET"]}}],"collection":[{"href":"https:\/\/exclusiveproperties.al\/sq\/wp-json\/wp\/v2\/pages"}],"about":[{"href":"https:\/\/exclusiveproperties.al\/sq\/wp-json\/wp\/v2\/types\/page"}],"author":[{"embeddable":true,"href":"https:\/\/exclusiveproperties.al\/sq\/wp-json\/wp\/v2\/users\/2"}],"replies":[{"embeddable":true,"href":"https:\/\/exclusiveproperties.al\/sq\/wp-json\/wp\/v2\/comments?post=2079"}],"version-history":[{"count":2,"href":"https:\/\/exclusiveproperties.al\/sq\/wp-json\/wp\/v2\/pages\/2079\/revisions"}],"predecessor-version":[{"id":2081,"href":"https:\/\/exclusiveproperties.al\/sq\/wp-json\/wp\/v2\/pages\/2079\/revisions\/2081"}],"up":[{"embeddable":true,"href":"https:\/\/exclusiveproperties.al\/sq\/wp-json\/wp\/v2\/pages\/269"}],"wp:attachment":[{"href":"https:\/\/exclusiveproperties.al\/sq\/wp-json\/wp\/v2\/media?parent=2079"}],"curies":[{"name":"wp","href":"https:\/\/api.w.org\/{rel}","templated":true}]}}