{"id":249,"date":"2019-06-05T13:11:09","date_gmt":"2019-06-05T13:11:09","guid":{"rendered":"http:\/\/exclusive.tokdigitalagency.com\/home\/"},"modified":"2025-06-17T09:55:21","modified_gmt":"2025-06-17T09:55:21","slug":"real-estate-luksoz-shqiperi","status":"publish","type":"page","link":"https:\/\/exclusiveproperties.al\/sq\/","title":{"rendered":"Home"},"content":{"rendered":"<h1>Prona Luksoze n\u00eb Shqip\u00ebri \u2013 Exclusive Properties<\/h1>\n<p>Mir\u00ebsevini n\u00eb Exclusive Properties Albania, partneri juaj kryesor p\u00ebr prona luksoze n\u00eb Shqip\u00ebri.<br \/>\nN\u00ebse k\u00ebrkoni nj\u00eb vil\u00eb madh\u00ebshtore p\u00ebr shitje, nj\u00eb apartament modern n\u00eb Tiran\u00eb, apo nj\u00eb hap\u00ebsir\u00eb komerciale p\u00ebr biznesin tuaj, ne ofrojm\u00eb prona ekskluzive t\u00eb p\u00ebrshtatura p\u00ebr ju.<\/p>\n<p>N\u00eb Exclusive Properties ne ofrojm\u00eb:<br \/>\n&#8211; Vila luksoze p\u00ebr shitje dhe me qira<br \/>\n&#8211; Apartamente moderne n\u00eb Tiran\u00eb dhe Rivier\u00ebn Shqiptare<br \/>\n&#8211; Prona komerciale dhe zyra<br \/>\n&#8211; Sht\u00ebpi buz\u00eb detit n\u00eb brigjet e Adriatikut dhe Jonit<\/p>\n<p>Ekipi yn\u00eb profesional \u00ebsht\u00eb i p\u00ebrkushtuar t\u00eb ndihmoj\u00eb n\u00eb gjetjen e pron\u00ebs suaj \u00ebnd\u00ebrr, duke ofruar mb\u00ebshtetje t\u00eb plot\u00eb nga vizita e par\u00eb deri n\u00eb finalizimin e dokumentacionit.<\/p>\n<h2>Eksploroni Mund\u00ebsit\u00eb m\u00eb t\u00eb Mira t\u00eb Pasurive t\u00eb Paluajtshme n\u00eb Shqip\u00ebri<\/h2>\n<p>Tregu i pasurive t\u00eb paluajtshme n\u00eb Shqip\u00ebri ofron mund\u00ebsi t\u00eb jasht\u00ebzakonshme investimi p\u00ebr bler\u00ebs vendas dhe t\u00eb huaj.<br \/>\nTirana, Durr\u00ebsi, Saranda dhe Riviera Shqiptare jan\u00eb zona n\u00eb rritje t\u00eb shpejt\u00eb dhe me potencial t\u00eb lart\u00eb fitimi.<\/p>\n<p>Qoft\u00eb q\u00eb k\u00ebrkoni:<br \/>\n&#8211; Nj\u00eb sht\u00ebpi familjare<br \/>\n&#8211; Nj\u00eb investim p\u00ebr qira<br \/>\n&#8211; Nj\u00eb vil\u00eb pushimi<br \/>\n&#8211; Nj\u00eb hap\u00ebsir\u00eb biznesi<\/p>\n<p>Exclusive Properties Albania ju udh\u00ebzon n\u00eb \u00e7do hap.<\/p>\n<p>N\u00eb saj\u00eb t\u00eb rrjetit ton\u00eb t\u00eb gjer\u00eb t\u00eb pronar\u00ebve, zhvilluesve dhe k\u00ebshilltar\u00ebve ligjor\u00eb, ofrojm\u00eb qasje n\u00eb prona t\u00eb zgjedhura me kujdes.<\/p>\n<h2>Pse t\u00eb Zgjidhni Exclusive Properties Albania?<\/h2>\n<p>&#8211; Qasje n\u00eb prona ekskluzive<br \/>\n&#8211; Agjent\u00eb profesionist\u00eb dhe t\u00eb p\u00ebrkushtuar<br \/>\n&#8211; K\u00ebrkim i personalizuar i pron\u00ebs<br \/>\n&#8211; Mb\u00ebshtetje ligjore dhe administrative e plot\u00eb<br \/>\n&#8211; Sh\u00ebrbim transparent dhe profesional nga fillimi n\u00eb fund<\/p>\n<p>K\u00ebnaq\u00ebsia juaj \u00ebsht\u00eb prioriteti yn\u00eb kryesor.<\/p>\n<p>Filloni Bashk\u00ebpunimin\u00a0 Tuaj t\u00eb Ri me Ne<\/p>\n<p>Gati p\u00ebr t\u00eb gjetur sht\u00ebpin\u00eb ose investimin tuaj t\u00eb ardhsh\u00ebm?<br \/>\nBesoni Exclusive Properties Albania \u2014 kompanine n\u00eb prona luksoze n\u00eb Shqip\u00ebri<\/p>\n<p>Na kontaktoni p\u00ebr nj\u00eb konsultim privat ose shfletoni pronat tona m\u00eb t\u00eb fundit.<\/p>\n<p>\ud83d\udc49 Shikoni Apartamentet n\u00eb Shitje <a href=\"https:\/\/exclusiveproperties.al\/apartamente-ne-shitje-tirane\">https:\/\/exclusiveproperties.al\/apartamente-ne-shitje-tirane<\/a><\/p>\n<p><img loading=\"lazy\" decoding=\"async\" class=\"alignnone size-medium wp-image-2019\" src=\"https:\/\/exclusiveproperties.al\/wp-content\/uploads\/2025\/04\/Screenshot-2025-04-16-at-19.11.17-300x235.png\" alt=\"\" width=\"300\" height=\"235\" srcset=\"https:\/\/exclusiveproperties.al\/wp-content\/uploads\/2025\/04\/Screenshot-2025-04-16-at-19.11.17-300x235.png 300w, https:\/\/exclusiveproperties.al\/wp-content\/uploads\/2025\/04\/Screenshot-2025-04-16-at-19.11.17.png 626w\" sizes=\"auto, (max-width: 300px) 100vw, 300px\" \/><\/p>\n<p>&nbsp;<\/p>\n","protected":false},"excerpt":{"rendered":"<p>Prona Luksoze n\u00eb Shqip\u00ebri \u2013 Exclusive Properties Mir\u00ebsevini n\u00eb Exclusive Properties Albania, partneri juaj kryesor p\u00ebr prona luksoze n\u00eb Shqip\u00ebri. N\u00ebse k\u00ebrkoni nj\u00eb vil\u00eb madh\u00ebshtore p\u00ebr shitje, nj\u00eb apartament modern n\u00eb Tiran\u00eb, apo nj\u00eb hap\u00ebsir\u00eb komerciale p\u00ebr biznesin tuaj, ne ofrojm\u00eb prona ekskluzive t\u00eb p\u00ebrshtatura p\u00ebr ju. N\u00eb Exclusive Properties ne ofrojm\u00eb: &#8211; Vila luksoze [&hellip;]<\/p>\n","protected":false},"author":1,"featured_media":0,"parent":0,"menu_order":0,"comment_status":"closed","ping_status":"closed","template":"","meta":{"_acf_changed":false,"footnotes":""},"class_list":["post-249","page","type-page","status-publish","hentry"],"acf":[],"yoast_head":"<!-- This site is optimized with the Yoast SEO plugin v27.3 - https:\/\/yoast.com\/product\/yoast-seo-wordpress\/ -->\n<title>Vila, Apartamente &amp; Ambjente Komerciale | Exclusive Properties<\/title>\n<meta name=\"description\" content=\"Zbuloni vila luksoze, apartamente dhe zyra p\u00ebr shitje dhe qira n\u00eb Tiran\u00eb dhe n\u00eb gjith\u00eb Shqip\u00ebrin\u00eb. Zgjidh prona elitare me Exclusive Properties.\" \/>\n<meta name=\"robots\" content=\"index, follow, max-snippet:-1, max-image-preview:large, max-video-preview:-1\" \/>\n<link rel=\"canonical\" href=\"https:\/\/exclusiveproperties.al\/sq\/\" \/>\n<meta property=\"og:locale\" content=\"sq_AL\" \/>\n<meta property=\"og:type\" content=\"article\" \/>\n<meta property=\"og:title\" content=\"Vila, Apartamente &amp; Ambjente Komerciale | Exclusive Properties\" \/>\n<meta property=\"og:description\" content=\"Zbuloni vila luksoze, apartamente dhe zyra p\u00ebr shitje dhe qira n\u00eb Tiran\u00eb dhe n\u00eb gjith\u00eb Shqip\u00ebrin\u00eb. Zgjidh prona elitare me Exclusive Properties.\" \/>\n<meta property=\"og:url\" content=\"https:\/\/exclusiveproperties.al\/sq\/\" \/>\n<meta property=\"og:site_name\" content=\"Exclusive Properties\" \/>\n<meta property=\"article:publisher\" content=\"https:\/\/www.facebook.com\/exclusiveproperties.al\/\" \/>\n<meta property=\"article:modified_time\" content=\"2025-06-17T09:55:21+00:00\" \/>\n<meta property=\"og:image\" content=\"https:\/\/exclusiveproperties.al\/wp-content\/uploads\/2025\/04\/Screenshot-2025-04-16-at-19.11.17.png\" \/>\n\t<meta property=\"og:image:width\" content=\"626\" \/>\n\t<meta property=\"og:image:height\" content=\"490\" \/>\n\t<meta property=\"og:image:type\" content=\"image\/png\" \/>\n<meta name=\"twitter:card\" content=\"summary_large_image\" \/>\n<meta name=\"twitter:label1\" content=\"Est. reading time\" \/>\n\t<meta name=\"twitter:data1\" content=\"2 minutes\" \/>\n<script type=\"application\/ld+json\" class=\"yoast-schema-graph\">{\"@context\":\"https:\\\/\\\/schema.org\",\"@graph\":[{\"@type\":\"WebPage\",\"@id\":\"https:\\\/\\\/exclusiveproperties.al\\\/sq\\\/\",\"url\":\"https:\\\/\\\/exclusiveproperties.al\\\/sq\\\/\",\"name\":\"Vila, Apartamente & Ambjente Komerciale | Exclusive Properties\",\"isPartOf\":{\"@id\":\"https:\\\/\\\/exclusiveproperties.al\\\/sq\\\/#website\"},\"primaryImageOfPage\":{\"@id\":\"https:\\\/\\\/exclusiveproperties.al\\\/sq\\\/#primaryimage\"},\"image\":{\"@id\":\"https:\\\/\\\/exclusiveproperties.al\\\/sq\\\/#primaryimage\"},\"thumbnailUrl\":\"https:\\\/\\\/exclusiveproperties.al\\\/wp-content\\\/uploads\\\/2025\\\/04\\\/Screenshot-2025-04-16-at-19.11.17-300x235.png\",\"datePublished\":\"2019-06-05T13:11:09+00:00\",\"dateModified\":\"2025-06-17T09:55:21+00:00\",\"description\":\"Zbuloni vila luksoze, apartamente dhe zyra p\u00ebr shitje dhe qira n\u00eb Tiran\u00eb dhe n\u00eb gjith\u00eb Shqip\u00ebrin\u00eb. Zgjidh prona elitare me Exclusive Properties.\",\"breadcrumb\":{\"@id\":\"https:\\\/\\\/exclusiveproperties.al\\\/sq\\\/#breadcrumb\"},\"inLanguage\":\"sq-AL\",\"potentialAction\":[{\"@type\":\"ReadAction\",\"target\":[\"https:\\\/\\\/exclusiveproperties.al\\\/sq\\\/\"]}]},{\"@type\":\"ImageObject\",\"inLanguage\":\"sq-AL\",\"@id\":\"https:\\\/\\\/exclusiveproperties.al\\\/sq\\\/#primaryimage\",\"url\":\"https:\\\/\\\/exclusiveproperties.al\\\/wp-content\\\/uploads\\\/2025\\\/04\\\/Screenshot-2025-04-16-at-19.11.17-300x235.png\",\"contentUrl\":\"https:\\\/\\\/exclusiveproperties.al\\\/wp-content\\\/uploads\\\/2025\\\/04\\\/Screenshot-2025-04-16-at-19.11.17-300x235.png\"},{\"@type\":\"BreadcrumbList\",\"@id\":\"https:\\\/\\\/exclusiveproperties.al\\\/sq\\\/#breadcrumb\",\"itemListElement\":[{\"@type\":\"ListItem\",\"position\":1,\"name\":\"Home\",\"item\":\"https:\\\/\\\/exclusiveproperties.al\\\/sq\\\/\"},{\"@type\":\"ListItem\",\"position\":2,\"name\":\"Home\"}]},{\"@type\":\"WebSite\",\"@id\":\"https:\\\/\\\/exclusiveproperties.al\\\/sq\\\/#website\",\"url\":\"https:\\\/\\\/exclusiveproperties.al\\\/sq\\\/\",\"name\":\"Exclusive Properties\",\"description\":\"WE SEE, WE VALUE, WE SELL YOUR PROPERTY!\",\"potentialAction\":[{\"@type\":\"SearchAction\",\"target\":{\"@type\":\"EntryPoint\",\"urlTemplate\":\"https:\\\/\\\/exclusiveproperties.al\\\/sq\\\/?s={search_term_string}\"},\"query-input\":{\"@type\":\"PropertyValueSpecification\",\"valueRequired\":true,\"valueName\":\"search_term_string\"}}],\"inLanguage\":\"sq-AL\"}]}<\/script>\n<!-- \/ Yoast SEO plugin. -->","yoast_head_json":{"title":"Vila, Apartamente & Ambjente Komerciale | Exclusive Properties","description":"Zbuloni vila luksoze, apartamente dhe zyra p\u00ebr shitje dhe qira n\u00eb Tiran\u00eb dhe n\u00eb gjith\u00eb Shqip\u00ebrin\u00eb. Zgjidh prona elitare me Exclusive Properties.","robots":{"index":"index","follow":"follow","max-snippet":"max-snippet:-1","max-image-preview":"max-image-preview:large","max-video-preview":"max-video-preview:-1"},"canonical":"https:\/\/exclusiveproperties.al\/sq\/","og_locale":"sq_AL","og_type":"article","og_title":"Vila, Apartamente & Ambjente Komerciale | Exclusive Properties","og_description":"Zbuloni vila luksoze, apartamente dhe zyra p\u00ebr shitje dhe qira n\u00eb Tiran\u00eb dhe n\u00eb gjith\u00eb Shqip\u00ebrin\u00eb. Zgjidh prona elitare me Exclusive Properties.","og_url":"https:\/\/exclusiveproperties.al\/sq\/","og_site_name":"Exclusive Properties","article_publisher":"https:\/\/www.facebook.com\/exclusiveproperties.al\/","article_modified_time":"2025-06-17T09:55:21+00:00","og_image":[{"width":626,"height":490,"url":"https:\/\/exclusiveproperties.al\/wp-content\/uploads\/2025\/04\/Screenshot-2025-04-16-at-19.11.17.png","type":"image\/png"}],"twitter_card":"summary_large_image","twitter_misc":{"Est. reading time":"2 minutes"},"schema":{"@context":"https:\/\/schema.org","@graph":[{"@type":"WebPage","@id":"https:\/\/exclusiveproperties.al\/sq\/","url":"https:\/\/exclusiveproperties.al\/sq\/","name":"Vila, Apartamente & Ambjente Komerciale | Exclusive Properties","isPartOf":{"@id":"https:\/\/exclusiveproperties.al\/sq\/#website"},"primaryImageOfPage":{"@id":"https:\/\/exclusiveproperties.al\/sq\/#primaryimage"},"image":{"@id":"https:\/\/exclusiveproperties.al\/sq\/#primaryimage"},"thumbnailUrl":"https:\/\/exclusiveproperties.al\/wp-content\/uploads\/2025\/04\/Screenshot-2025-04-16-at-19.11.17-300x235.png","datePublished":"2019-06-05T13:11:09+00:00","dateModified":"2025-06-17T09:55:21+00:00","description":"Zbuloni vila luksoze, apartamente dhe zyra p\u00ebr shitje dhe qira n\u00eb Tiran\u00eb dhe n\u00eb gjith\u00eb Shqip\u00ebrin\u00eb. Zgjidh prona elitare me Exclusive Properties.","breadcrumb":{"@id":"https:\/\/exclusiveproperties.al\/sq\/#breadcrumb"},"inLanguage":"sq-AL","potentialAction":[{"@type":"ReadAction","target":["https:\/\/exclusiveproperties.al\/sq\/"]}]},{"@type":"ImageObject","inLanguage":"sq-AL","@id":"https:\/\/exclusiveproperties.al\/sq\/#primaryimage","url":"https:\/\/exclusiveproperties.al\/wp-content\/uploads\/2025\/04\/Screenshot-2025-04-16-at-19.11.17-300x235.png","contentUrl":"https:\/\/exclusiveproperties.al\/wp-content\/uploads\/2025\/04\/Screenshot-2025-04-16-at-19.11.17-300x235.png"},{"@type":"BreadcrumbList","@id":"https:\/\/exclusiveproperties.al\/sq\/#breadcrumb","itemListElement":[{"@type":"ListItem","position":1,"name":"Home","item":"https:\/\/exclusiveproperties.al\/sq\/"},{"@type":"ListItem","position":2,"name":"Home"}]},{"@type":"WebSite","@id":"https:\/\/exclusiveproperties.al\/sq\/#website","url":"https:\/\/exclusiveproperties.al\/sq\/","name":"Exclusive Properties","description":"WE SEE, WE VALUE, WE SELL YOUR PROPERTY!","potentialAction":[{"@type":"SearchAction","target":{"@type":"EntryPoint","urlTemplate":"https:\/\/exclusiveproperties.al\/sq\/?s={search_term_string}"},"query-input":{"@type":"PropertyValueSpecification","valueRequired":true,"valueName":"search_term_string"}}],"inLanguage":"sq-AL"}]}},"_links":{"self":[{"href":"https:\/\/exclusiveproperties.al\/sq\/wp-json\/wp\/v2\/pages\/249","targetHints":{"allow":["GET"]}}],"collection":[{"href":"https:\/\/exclusiveproperties.al\/sq\/wp-json\/wp\/v2\/pages"}],"about":[{"href":"https:\/\/exclusiveproperties.al\/sq\/wp-json\/wp\/v2\/types\/page"}],"author":[{"embeddable":true,"href":"https:\/\/exclusiveproperties.al\/sq\/wp-json\/wp\/v2\/users\/1"}],"replies":[{"embeddable":true,"href":"https:\/\/exclusiveproperties.al\/sq\/wp-json\/wp\/v2\/comments?post=249"}],"version-history":[{"count":10,"href":"https:\/\/exclusiveproperties.al\/sq\/wp-json\/wp\/v2\/pages\/249\/revisions"}],"predecessor-version":[{"id":2025,"href":"https:\/\/exclusiveproperties.al\/sq\/wp-json\/wp\/v2\/pages\/249\/revisions\/2025"}],"wp:attachment":[{"href":"https:\/\/exclusiveproperties.al\/sq\/wp-json\/wp\/v2\/media?parent=249"}],"curies":[{"name":"wp","href":"https:\/\/api.w.org\/{rel}","templated":true}]}}