{"id":254,"date":"2019-08-13T08:31:03","date_gmt":"2019-08-13T08:31:03","guid":{"rendered":"http:\/\/exclusive.tokdigitalagency.com\/?page_id=254"},"modified":"2025-04-29T11:28:29","modified_gmt":"2025-04-29T11:28:29","slug":"blogu-exclusive-properties-shqiperi","status":"publish","type":"page","link":"https:\/\/exclusiveproperties.al\/sq\/blogu-exclusive-properties-shqiperi\/","title":{"rendered":"Exclusive Blogu"},"content":{"rendered":"<h1>Blogu p\u00ebr Pasurit\u00eb e Paluajtshme n\u00eb Shqip\u00ebri<\/h1>\n<p>Mir\u00ebsevini n\u00eb Blogun e Exclusive Properties, burimi juaj p\u00ebr lajmet m\u00eb t\u00eb fundit, analizat e tregut dhe k\u00ebshillat profesionale n\u00eb fush\u00ebn e pasurive t\u00eb paluajtshme n\u00eb Shqip\u00ebri.<\/p>\n<h2>\u00c7far\u00eb Mund t\u00eb Gjeni K\u00ebtu<\/h2>\n<p>&#8211; Trendet dhe analizat e tregut<br \/>\n&#8211; K\u00ebshilla p\u00ebr blerjen dhe shitjen e pronave<br \/>\n&#8211; Mund\u00ebsi dhe udh\u00ebzues p\u00ebr investime<br \/>\n&#8211; K\u00ebshilla ligjore dhe financiare<br \/>\n&#8211; Artikuj p\u00ebr stilin e jetes\u00ebs dhe zonat m\u00eb t\u00eb mira p\u00ebr t\u00eb jetuar<\/p>\n<h2>Pse t\u00eb Ndiqni Blogun Ton\u00eb?<\/h2>\n<p>Exclusive Properties Albania monitoron vazhdimisht ndryshimet n\u00eb treg, zhvillimet ekonomike dhe zonat me potencial t\u00eb lart\u00eb investimi. P\u00ebrmes blogut ton\u00eb, ndajm\u00eb k\u00ebt\u00eb dije t\u00eb vlefshme me t\u00eb gjith\u00eb t\u00eb interesuarit n\u00eb pasurit\u00eb e paluajtshme.<\/p>\n<h3>Angazhimi Yn\u00eb<\/h3>\n<pre>Q\u00ebllimi yn\u00eb \u00ebsht\u00eb t\u00eb edukojm\u00eb dhe fuqizojm\u00eb komunitetin ton\u00eb me informacione t\u00eb besueshme dhe t\u00eb p\u00ebrdit\u00ebsuara p\u00ebr t\u00eb ndihmuar n\u00eb marrjen e vendimeve t\u00eb zgjuara.<\/pre>\n<h3>Eksploroni Artikujt Tan\u00eb<\/h3>\n<p>\ud83d\udc49 Vizitoni Blogun Exclusive <a href=\"https:\/\/exclusiveproperties.al\/exclusive-blog\/\">https:\/\/exclusiveproperties.al\/blogu-exclusive-properties-shqiperi<\/a><\/p>\n","protected":false},"excerpt":{"rendered":"<p>Blogu p\u00ebr Pasurit\u00eb e Paluajtshme n\u00eb Shqip\u00ebri Mir\u00ebsevini n\u00eb Blogun e Exclusive Properties, burimi juaj p\u00ebr lajmet m\u00eb t\u00eb fundit, analizat e tregut dhe k\u00ebshillat profesionale n\u00eb fush\u00ebn e pasurive t\u00eb paluajtshme n\u00eb Shqip\u00ebri. \u00c7far\u00eb Mund t\u00eb Gjeni K\u00ebtu &#8211; Trendet dhe analizat e tregut &#8211; K\u00ebshilla p\u00ebr blerjen dhe shitjen e pronave &#8211; Mund\u00ebsi [&hellip;]<\/p>\n","protected":false},"author":1,"featured_media":0,"parent":0,"menu_order":0,"comment_status":"closed","ping_status":"closed","template":"template-blog.php","meta":{"_acf_changed":false,"footnotes":""},"class_list":["post-254","page","type-page","status-publish","hentry"],"acf":[],"yoast_head":"<!-- This site is optimized with the Yoast SEO plugin v27.3 - https:\/\/yoast.com\/product\/yoast-seo-wordpress\/ -->\n<title>Blogu Exclusive Properties | Shqip\u00ebri<\/title>\n<meta name=\"description\" content=\"Q\u00ebndroni t\u00eb p\u00ebrdit\u00ebsuar me tendencat m\u00eb t\u00eb fundit t\u00eb tregut, k\u00ebshillat p\u00ebr investime dhe lajmet mbi pasurit\u00eb e paluajtshme n\u00eb Shqip\u00ebri me Blogun Exclusive Properties.\" \/>\n<meta name=\"robots\" content=\"index, follow, max-snippet:-1, max-image-preview:large, max-video-preview:-1\" \/>\n<link rel=\"canonical\" href=\"https:\/\/exclusiveproperties.al\/sq\/blogu-exclusive-properties-shqiperi\/\" \/>\n<meta property=\"og:locale\" content=\"sq_AL\" \/>\n<meta property=\"og:type\" content=\"article\" \/>\n<meta property=\"og:title\" content=\"Blogu Exclusive Properties | Shqip\u00ebri\" \/>\n<meta property=\"og:description\" content=\"Q\u00ebndroni t\u00eb p\u00ebrdit\u00ebsuar me tendencat m\u00eb t\u00eb fundit t\u00eb tregut, k\u00ebshillat p\u00ebr investime dhe lajmet mbi pasurit\u00eb e paluajtshme n\u00eb Shqip\u00ebri me Blogun Exclusive Properties.\" \/>\n<meta property=\"og:url\" content=\"https:\/\/exclusiveproperties.al\/sq\/blogu-exclusive-properties-shqiperi\/\" \/>\n<meta property=\"og:site_name\" content=\"Exclusive Properties\" \/>\n<meta property=\"article:publisher\" content=\"https:\/\/www.facebook.com\/exclusiveproperties.al\/\" \/>\n<meta property=\"article:modified_time\" content=\"2025-04-29T11:28:29+00:00\" \/>\n<meta name=\"twitter:card\" content=\"summary_large_image\" \/>\n<meta name=\"twitter:label1\" content=\"Est. reading time\" \/>\n\t<meta name=\"twitter:data1\" content=\"1 minute\" \/>\n<script type=\"application\/ld+json\" class=\"yoast-schema-graph\">{\"@context\":\"https:\\\/\\\/schema.org\",\"@graph\":[{\"@type\":\"WebPage\",\"@id\":\"https:\\\/\\\/exclusiveproperties.al\\\/sq\\\/blogu-exclusive-properties-shqiperi\\\/\",\"url\":\"https:\\\/\\\/exclusiveproperties.al\\\/sq\\\/blogu-exclusive-properties-shqiperi\\\/\",\"name\":\"Blogu Exclusive Properties | Shqip\u00ebri\",\"isPartOf\":{\"@id\":\"https:\\\/\\\/exclusiveproperties.al\\\/sq\\\/#website\"},\"datePublished\":\"2019-08-13T08:31:03+00:00\",\"dateModified\":\"2025-04-29T11:28:29+00:00\",\"description\":\"Q\u00ebndroni t\u00eb p\u00ebrdit\u00ebsuar me tendencat m\u00eb t\u00eb fundit t\u00eb tregut, k\u00ebshillat p\u00ebr investime dhe lajmet mbi pasurit\u00eb e paluajtshme n\u00eb Shqip\u00ebri me Blogun Exclusive Properties.\",\"breadcrumb\":{\"@id\":\"https:\\\/\\\/exclusiveproperties.al\\\/sq\\\/blogu-exclusive-properties-shqiperi\\\/#breadcrumb\"},\"inLanguage\":\"sq-AL\",\"potentialAction\":[{\"@type\":\"ReadAction\",\"target\":[\"https:\\\/\\\/exclusiveproperties.al\\\/sq\\\/blogu-exclusive-properties-shqiperi\\\/\"]}]},{\"@type\":\"BreadcrumbList\",\"@id\":\"https:\\\/\\\/exclusiveproperties.al\\\/sq\\\/blogu-exclusive-properties-shqiperi\\\/#breadcrumb\",\"itemListElement\":[{\"@type\":\"ListItem\",\"position\":1,\"name\":\"Home\",\"item\":\"https:\\\/\\\/exclusiveproperties.al\\\/sq\\\/\"},{\"@type\":\"ListItem\",\"position\":2,\"name\":\"Exclusive Blogu\"}]},{\"@type\":\"WebSite\",\"@id\":\"https:\\\/\\\/exclusiveproperties.al\\\/sq\\\/#website\",\"url\":\"https:\\\/\\\/exclusiveproperties.al\\\/sq\\\/\",\"name\":\"Exclusive Properties\",\"description\":\"WE SEE, WE VALUE, WE SELL YOUR PROPERTY!\",\"potentialAction\":[{\"@type\":\"SearchAction\",\"target\":{\"@type\":\"EntryPoint\",\"urlTemplate\":\"https:\\\/\\\/exclusiveproperties.al\\\/sq\\\/?s={search_term_string}\"},\"query-input\":{\"@type\":\"PropertyValueSpecification\",\"valueRequired\":true,\"valueName\":\"search_term_string\"}}],\"inLanguage\":\"sq-AL\"}]}<\/script>\n<!-- \/ Yoast SEO plugin. -->","yoast_head_json":{"title":"Blogu Exclusive Properties | Shqip\u00ebri","description":"Q\u00ebndroni t\u00eb p\u00ebrdit\u00ebsuar me tendencat m\u00eb t\u00eb fundit t\u00eb tregut, k\u00ebshillat p\u00ebr investime dhe lajmet mbi pasurit\u00eb e paluajtshme n\u00eb Shqip\u00ebri me Blogun Exclusive Properties.","robots":{"index":"index","follow":"follow","max-snippet":"max-snippet:-1","max-image-preview":"max-image-preview:large","max-video-preview":"max-video-preview:-1"},"canonical":"https:\/\/exclusiveproperties.al\/sq\/blogu-exclusive-properties-shqiperi\/","og_locale":"sq_AL","og_type":"article","og_title":"Blogu Exclusive Properties | Shqip\u00ebri","og_description":"Q\u00ebndroni t\u00eb p\u00ebrdit\u00ebsuar me tendencat m\u00eb t\u00eb fundit t\u00eb tregut, k\u00ebshillat p\u00ebr investime dhe lajmet mbi pasurit\u00eb e paluajtshme n\u00eb Shqip\u00ebri me Blogun Exclusive Properties.","og_url":"https:\/\/exclusiveproperties.al\/sq\/blogu-exclusive-properties-shqiperi\/","og_site_name":"Exclusive Properties","article_publisher":"https:\/\/www.facebook.com\/exclusiveproperties.al\/","article_modified_time":"2025-04-29T11:28:29+00:00","twitter_card":"summary_large_image","twitter_misc":{"Est. reading time":"1 minute"},"schema":{"@context":"https:\/\/schema.org","@graph":[{"@type":"WebPage","@id":"https:\/\/exclusiveproperties.al\/sq\/blogu-exclusive-properties-shqiperi\/","url":"https:\/\/exclusiveproperties.al\/sq\/blogu-exclusive-properties-shqiperi\/","name":"Blogu Exclusive Properties | Shqip\u00ebri","isPartOf":{"@id":"https:\/\/exclusiveproperties.al\/sq\/#website"},"datePublished":"2019-08-13T08:31:03+00:00","dateModified":"2025-04-29T11:28:29+00:00","description":"Q\u00ebndroni t\u00eb p\u00ebrdit\u00ebsuar me tendencat m\u00eb t\u00eb fundit t\u00eb tregut, k\u00ebshillat p\u00ebr investime dhe lajmet mbi pasurit\u00eb e paluajtshme n\u00eb Shqip\u00ebri me Blogun Exclusive Properties.","breadcrumb":{"@id":"https:\/\/exclusiveproperties.al\/sq\/blogu-exclusive-properties-shqiperi\/#breadcrumb"},"inLanguage":"sq-AL","potentialAction":[{"@type":"ReadAction","target":["https:\/\/exclusiveproperties.al\/sq\/blogu-exclusive-properties-shqiperi\/"]}]},{"@type":"BreadcrumbList","@id":"https:\/\/exclusiveproperties.al\/sq\/blogu-exclusive-properties-shqiperi\/#breadcrumb","itemListElement":[{"@type":"ListItem","position":1,"name":"Home","item":"https:\/\/exclusiveproperties.al\/sq\/"},{"@type":"ListItem","position":2,"name":"Exclusive Blogu"}]},{"@type":"WebSite","@id":"https:\/\/exclusiveproperties.al\/sq\/#website","url":"https:\/\/exclusiveproperties.al\/sq\/","name":"Exclusive Properties","description":"WE SEE, WE VALUE, WE SELL YOUR PROPERTY!","potentialAction":[{"@type":"SearchAction","target":{"@type":"EntryPoint","urlTemplate":"https:\/\/exclusiveproperties.al\/sq\/?s={search_term_string}"},"query-input":{"@type":"PropertyValueSpecification","valueRequired":true,"valueName":"search_term_string"}}],"inLanguage":"sq-AL"}]}},"_links":{"self":[{"href":"https:\/\/exclusiveproperties.al\/sq\/wp-json\/wp\/v2\/pages\/254","targetHints":{"allow":["GET"]}}],"collection":[{"href":"https:\/\/exclusiveproperties.al\/sq\/wp-json\/wp\/v2\/pages"}],"about":[{"href":"https:\/\/exclusiveproperties.al\/sq\/wp-json\/wp\/v2\/types\/page"}],"author":[{"embeddable":true,"href":"https:\/\/exclusiveproperties.al\/sq\/wp-json\/wp\/v2\/users\/1"}],"replies":[{"embeddable":true,"href":"https:\/\/exclusiveproperties.al\/sq\/wp-json\/wp\/v2\/comments?post=254"}],"version-history":[{"count":4,"href":"https:\/\/exclusiveproperties.al\/sq\/wp-json\/wp\/v2\/pages\/254\/revisions"}],"predecessor-version":[{"id":2085,"href":"https:\/\/exclusiveproperties.al\/sq\/wp-json\/wp\/v2\/pages\/254\/revisions\/2085"}],"wp:attachment":[{"href":"https:\/\/exclusiveproperties.al\/sq\/wp-json\/wp\/v2\/media?parent=254"}],"curies":[{"name":"wp","href":"https:\/\/api.w.org\/{rel}","templated":true}]}}