{"id":269,"date":"2019-08-13T08:41:55","date_gmt":"2019-08-13T08:41:55","guid":{"rendered":"http:\/\/exclusive.tokdigitalagency.com\/?page_id=269"},"modified":"2025-04-29T09:52:23","modified_gmt":"2025-04-29T09:52:23","slug":"prona-ne-shitje-dhe-qira-shqiperi","status":"publish","type":"page","link":"https:\/\/exclusiveproperties.al\/sq\/prona-ne-shitje-dhe-qira-shqiperi\/","title":{"rendered":"Pronat"},"content":{"rendered":"\r\n<h1>Prona p\u00ebr Shitje dhe Qira n\u00eb Shqip\u00ebri<\/h1>\r\n<p>Mir\u00ebsevini n\u00eb Exclusive Properties Albania, partneri juaj i besuar p\u00ebr prona p\u00ebr shitje dhe qira n\u00eb Shqip\u00ebri . N\u00ebse k\u00ebrkoni nj\u00eb apartament modern, nj\u00eb vil\u00eb luksoze buz\u00eb detit, ose nj\u00eb hap\u00ebsir\u00eb komerciale p\u00ebr biznesin tuaj, portofoli yn\u00eb mbulon t\u00eb gjitha nevojat dhe synimet e investimit.<\/p>\r\n<p>\u00c7far\u00eb ofrojm\u00eb:<br \/>&#8211; Apartamente n\u00eb Tiran\u00eb, Durr\u00ebs dhe Rivier\u00ebn Shqiptare<br \/>&#8211; Vila ekskluzive me pishina private dhe pamje nga deti<br \/>&#8211; Hap\u00ebsira komerciale n\u00eb zona t\u00eb preferuara<br \/>&#8211; Toka t\u00eb p\u00ebrshtatshme p\u00ebr zhvillim banimi ose turistik<\/p>\r\n<h2>Pse t\u00eb Investoni n\u00eb Pasuri t\u00eb Paluajtshme n\u00eb Shqip\u00ebri?<\/h2>\r\n<p>Shqip\u00ebria ofron nj\u00eb treg t\u00eb pasurive t\u00eb paluajtshme n\u00eb rritje t\u00eb shpejt\u00eb, me \u00e7mime shum\u00eb m\u00eb konkurruese krahasuar me vendet fqinje. Me bum turistik dhe procese t\u00eb avancuara p\u00ebr an\u00ebtar\u00ebsimin n\u00eb BE, investimi n\u00eb Shqip\u00ebri \u00ebsht\u00eb nj\u00eb zgjedhje inteligjente dhe e ardhshme.<\/p>\r\n<h2>Gjeni Pron\u00ebn e Duhur p\u00eb shitje ose qira me Exclusive Properties<\/h2>\r\n<p>Ne e dim\u00eb q\u00eb \u00e7do bler\u00ebs ka nevoja unike. Qoft\u00eb p\u00ebr banim, p\u00ebr pushime ose p\u00ebr investim, agjent\u00ebt tan\u00eb t\u00eb p\u00ebrkushtuar ju ndihmojn\u00eb nga konsulta fillestare deri n\u00eb p\u00ebrmbylljen ligjore t\u00eb transaksionit.<\/p>\r\n<p>Exclusive Properties Albania ju ofron:<br \/>&#8211; Qasje n\u00eb prona ekskluzive dhe \\&#8221;off-market\\&#8221;<br \/>&#8211; Mb\u00ebshtetje t\u00eb plot\u00eb ligjore dhe k\u00ebshillim t\u00eb specializuar<br \/>&#8211; Agjent\u00eb profesionist\u00eb dhe shum\u00ebgjuh\u00ebsh<br \/>&#8211; K\u00ebshillim t\u00eb personalizuar sipas buxhetit dhe preferencave tuaja<\/p>\r\n<h3>Zonat m\u00eb t\u00eb Mira p\u00ebr Investim<\/h3>\r\n<p>&#8211; Tirana: Qyteti i biznesit dhe jet\u00ebs urbane<br \/>&#8211; Durr\u00ebsi: Plazh dhe akses i shpejt\u00eb n\u00eb Tiran\u00eb<br \/>&#8211; Vlora dhe Saranda: Pamje t\u00eb mrekullueshme detare<br \/>&#8211; Riviera Shqiptare: Mund\u00ebsi t\u00eb rralla p\u00ebr vila dhe investime<\/p>\r\n<p>Filloni sot udh\u00ebtimin tuaj drejt nj\u00eb prone n\u00eb nj\u00eb nga destinacionet m\u00eb premtuese n\u00eb Europ\u00eb!<\/p>\r\n<p><br \/>\ud83d\udc49 Kontaktoni Agjent\u00ebt Tan\u00eb <a href=\"https:\/\/exclusiveproperties.al\/contact-us\/\">https:\/\/exclusiveproperties.al\/kontaktoni-prona-shqiperi<\/a><\/p>\r\n<p>&nbsp;<\/p>\r\n<p><img loading=\"lazy\" decoding=\"async\" class=\"alignnone size-medium wp-image-1686\" src=\"https:\/\/exclusiveproperties.al\/wp-content\/uploads\/2022\/12\/Screenshot-2022-12-07-at-13.10.51-300x235.png\" alt=\"\" width=\"300\" height=\"235\" srcset=\"https:\/\/exclusiveproperties.al\/wp-content\/uploads\/2022\/12\/Screenshot-2022-12-07-at-13.10.51-300x235.png 300w, https:\/\/exclusiveproperties.al\/wp-content\/uploads\/2022\/12\/Screenshot-2022-12-07-at-13.10.51.png 685w\" sizes=\"auto, (max-width: 300px) 100vw, 300px\" \/><\/p>\r\n","protected":false},"excerpt":{"rendered":"<p>Prona p\u00ebr Shitje dhe Qira n\u00eb Shqip\u00ebri Mir\u00ebsevini n\u00eb Exclusive Properties Albania, partneri juaj i besuar p\u00ebr prona p\u00ebr shitje dhe qira n\u00eb Shqip\u00ebri . N\u00ebse k\u00ebrkoni nj\u00eb apartament modern, nj\u00eb vil\u00eb luksoze buz\u00eb detit, ose nj\u00eb hap\u00ebsir\u00eb komerciale p\u00ebr biznesin tuaj, portofoli yn\u00eb mbulon t\u00eb gjitha nevojat dhe synimet e investimit. \u00c7far\u00eb ofrojm\u00eb:&#8211; Apartamente [&hellip;]<\/p>\n","protected":false},"author":1,"featured_media":0,"parent":0,"menu_order":0,"comment_status":"closed","ping_status":"closed","template":"template-all-properties.php","meta":{"_acf_changed":false,"footnotes":""},"class_list":["post-269","page","type-page","status-publish","hentry"],"acf":[],"yoast_head":"<!-- This site is optimized with the Yoast SEO plugin v27.3 - https:\/\/yoast.com\/product\/yoast-seo-wordpress\/ -->\n<title>Prona p\u00ebr Shitje dhe Qira n\u00eb Shqip\u00ebri | Exclusive Properties<\/title>\n<meta name=\"description\" content=\"Zbuloni apartamente, vila dhe prona komerciale p\u00ebr shitje dhe qira n\u00eb Shqip\u00ebri. Investoni me siguri me Exclusive Properties Albania.\" \/>\n<meta name=\"robots\" content=\"index, follow, max-snippet:-1, max-image-preview:large, max-video-preview:-1\" \/>\n<link rel=\"canonical\" href=\"https:\/\/exclusiveproperties.al\/sq\/prona-ne-shitje-dhe-qira-shqiperi\/\" \/>\n<meta property=\"og:locale\" content=\"sq_AL\" \/>\n<meta property=\"og:type\" content=\"article\" \/>\n<meta property=\"og:title\" content=\"Prona p\u00ebr Shitje dhe Qira n\u00eb Shqip\u00ebri | Exclusive Properties\" \/>\n<meta property=\"og:description\" content=\"Zbuloni apartamente, vila dhe prona komerciale p\u00ebr shitje dhe qira n\u00eb Shqip\u00ebri. Investoni me siguri me Exclusive Properties Albania.\" \/>\n<meta property=\"og:url\" content=\"https:\/\/exclusiveproperties.al\/sq\/prona-ne-shitje-dhe-qira-shqiperi\/\" \/>\n<meta property=\"og:site_name\" content=\"Exclusive Properties\" \/>\n<meta property=\"article:publisher\" content=\"https:\/\/www.facebook.com\/exclusiveproperties.al\/\" \/>\n<meta property=\"article:modified_time\" content=\"2025-04-29T09:52:23+00:00\" \/>\n<meta property=\"og:image\" content=\"https:\/\/exclusiveproperties.al\/wp-content\/uploads\/2022\/12\/Screenshot-2022-12-07-at-13.10.51.png\" \/>\n\t<meta property=\"og:image:width\" content=\"685\" \/>\n\t<meta property=\"og:image:height\" content=\"537\" \/>\n\t<meta property=\"og:image:type\" content=\"image\/png\" \/>\n<meta name=\"twitter:card\" content=\"summary_large_image\" \/>\n<meta name=\"twitter:label1\" content=\"Est. reading time\" \/>\n\t<meta name=\"twitter:data1\" content=\"2 minutes\" \/>\n<script type=\"application\/ld+json\" class=\"yoast-schema-graph\">{\"@context\":\"https:\\\/\\\/schema.org\",\"@graph\":[{\"@type\":\"WebPage\",\"@id\":\"https:\\\/\\\/exclusiveproperties.al\\\/sq\\\/prona-ne-shitje-dhe-qira-shqiperi\\\/\",\"url\":\"https:\\\/\\\/exclusiveproperties.al\\\/sq\\\/prona-ne-shitje-dhe-qira-shqiperi\\\/\",\"name\":\"Prona p\u00ebr Shitje dhe Qira n\u00eb Shqip\u00ebri | Exclusive Properties\",\"isPartOf\":{\"@id\":\"https:\\\/\\\/exclusiveproperties.al\\\/sq\\\/#website\"},\"primaryImageOfPage\":{\"@id\":\"https:\\\/\\\/exclusiveproperties.al\\\/sq\\\/prona-ne-shitje-dhe-qira-shqiperi\\\/#primaryimage\"},\"image\":{\"@id\":\"https:\\\/\\\/exclusiveproperties.al\\\/sq\\\/prona-ne-shitje-dhe-qira-shqiperi\\\/#primaryimage\"},\"thumbnailUrl\":\"https:\\\/\\\/exclusiveproperties.al\\\/wp-content\\\/uploads\\\/2022\\\/12\\\/Screenshot-2022-12-07-at-13.10.51-300x235.png\",\"datePublished\":\"2019-08-13T08:41:55+00:00\",\"dateModified\":\"2025-04-29T09:52:23+00:00\",\"description\":\"Zbuloni apartamente, vila dhe prona komerciale p\u00ebr shitje dhe qira n\u00eb Shqip\u00ebri. Investoni me siguri me Exclusive Properties Albania.\",\"breadcrumb\":{\"@id\":\"https:\\\/\\\/exclusiveproperties.al\\\/sq\\\/prona-ne-shitje-dhe-qira-shqiperi\\\/#breadcrumb\"},\"inLanguage\":\"sq-AL\",\"potentialAction\":[{\"@type\":\"ReadAction\",\"target\":[\"https:\\\/\\\/exclusiveproperties.al\\\/sq\\\/prona-ne-shitje-dhe-qira-shqiperi\\\/\"]}]},{\"@type\":\"ImageObject\",\"inLanguage\":\"sq-AL\",\"@id\":\"https:\\\/\\\/exclusiveproperties.al\\\/sq\\\/prona-ne-shitje-dhe-qira-shqiperi\\\/#primaryimage\",\"url\":\"https:\\\/\\\/exclusiveproperties.al\\\/wp-content\\\/uploads\\\/2022\\\/12\\\/Screenshot-2022-12-07-at-13.10.51-300x235.png\",\"contentUrl\":\"https:\\\/\\\/exclusiveproperties.al\\\/wp-content\\\/uploads\\\/2022\\\/12\\\/Screenshot-2022-12-07-at-13.10.51-300x235.png\"},{\"@type\":\"BreadcrumbList\",\"@id\":\"https:\\\/\\\/exclusiveproperties.al\\\/sq\\\/prona-ne-shitje-dhe-qira-shqiperi\\\/#breadcrumb\",\"itemListElement\":[{\"@type\":\"ListItem\",\"position\":1,\"name\":\"Home\",\"item\":\"https:\\\/\\\/exclusiveproperties.al\\\/sq\\\/\"},{\"@type\":\"ListItem\",\"position\":2,\"name\":\"Pronat\"}]},{\"@type\":\"WebSite\",\"@id\":\"https:\\\/\\\/exclusiveproperties.al\\\/sq\\\/#website\",\"url\":\"https:\\\/\\\/exclusiveproperties.al\\\/sq\\\/\",\"name\":\"Exclusive Properties\",\"description\":\"WE SEE, WE VALUE, WE SELL YOUR PROPERTY!\",\"potentialAction\":[{\"@type\":\"SearchAction\",\"target\":{\"@type\":\"EntryPoint\",\"urlTemplate\":\"https:\\\/\\\/exclusiveproperties.al\\\/sq\\\/?s={search_term_string}\"},\"query-input\":{\"@type\":\"PropertyValueSpecification\",\"valueRequired\":true,\"valueName\":\"search_term_string\"}}],\"inLanguage\":\"sq-AL\"}]}<\/script>\n<!-- \/ Yoast SEO plugin. -->","yoast_head_json":{"title":"Prona p\u00ebr Shitje dhe Qira n\u00eb Shqip\u00ebri | Exclusive Properties","description":"Zbuloni apartamente, vila dhe prona komerciale p\u00ebr shitje dhe qira n\u00eb Shqip\u00ebri. Investoni me siguri me Exclusive Properties Albania.","robots":{"index":"index","follow":"follow","max-snippet":"max-snippet:-1","max-image-preview":"max-image-preview:large","max-video-preview":"max-video-preview:-1"},"canonical":"https:\/\/exclusiveproperties.al\/sq\/prona-ne-shitje-dhe-qira-shqiperi\/","og_locale":"sq_AL","og_type":"article","og_title":"Prona p\u00ebr Shitje dhe Qira n\u00eb Shqip\u00ebri | Exclusive Properties","og_description":"Zbuloni apartamente, vila dhe prona komerciale p\u00ebr shitje dhe qira n\u00eb Shqip\u00ebri. Investoni me siguri me Exclusive Properties Albania.","og_url":"https:\/\/exclusiveproperties.al\/sq\/prona-ne-shitje-dhe-qira-shqiperi\/","og_site_name":"Exclusive Properties","article_publisher":"https:\/\/www.facebook.com\/exclusiveproperties.al\/","article_modified_time":"2025-04-29T09:52:23+00:00","og_image":[{"width":685,"height":537,"url":"https:\/\/exclusiveproperties.al\/wp-content\/uploads\/2022\/12\/Screenshot-2022-12-07-at-13.10.51.png","type":"image\/png"}],"twitter_card":"summary_large_image","twitter_misc":{"Est. reading time":"2 minutes"},"schema":{"@context":"https:\/\/schema.org","@graph":[{"@type":"WebPage","@id":"https:\/\/exclusiveproperties.al\/sq\/prona-ne-shitje-dhe-qira-shqiperi\/","url":"https:\/\/exclusiveproperties.al\/sq\/prona-ne-shitje-dhe-qira-shqiperi\/","name":"Prona p\u00ebr Shitje dhe Qira n\u00eb Shqip\u00ebri | Exclusive Properties","isPartOf":{"@id":"https:\/\/exclusiveproperties.al\/sq\/#website"},"primaryImageOfPage":{"@id":"https:\/\/exclusiveproperties.al\/sq\/prona-ne-shitje-dhe-qira-shqiperi\/#primaryimage"},"image":{"@id":"https:\/\/exclusiveproperties.al\/sq\/prona-ne-shitje-dhe-qira-shqiperi\/#primaryimage"},"thumbnailUrl":"https:\/\/exclusiveproperties.al\/wp-content\/uploads\/2022\/12\/Screenshot-2022-12-07-at-13.10.51-300x235.png","datePublished":"2019-08-13T08:41:55+00:00","dateModified":"2025-04-29T09:52:23+00:00","description":"Zbuloni apartamente, vila dhe prona komerciale p\u00ebr shitje dhe qira n\u00eb Shqip\u00ebri. Investoni me siguri me Exclusive Properties Albania.","breadcrumb":{"@id":"https:\/\/exclusiveproperties.al\/sq\/prona-ne-shitje-dhe-qira-shqiperi\/#breadcrumb"},"inLanguage":"sq-AL","potentialAction":[{"@type":"ReadAction","target":["https:\/\/exclusiveproperties.al\/sq\/prona-ne-shitje-dhe-qira-shqiperi\/"]}]},{"@type":"ImageObject","inLanguage":"sq-AL","@id":"https:\/\/exclusiveproperties.al\/sq\/prona-ne-shitje-dhe-qira-shqiperi\/#primaryimage","url":"https:\/\/exclusiveproperties.al\/wp-content\/uploads\/2022\/12\/Screenshot-2022-12-07-at-13.10.51-300x235.png","contentUrl":"https:\/\/exclusiveproperties.al\/wp-content\/uploads\/2022\/12\/Screenshot-2022-12-07-at-13.10.51-300x235.png"},{"@type":"BreadcrumbList","@id":"https:\/\/exclusiveproperties.al\/sq\/prona-ne-shitje-dhe-qira-shqiperi\/#breadcrumb","itemListElement":[{"@type":"ListItem","position":1,"name":"Home","item":"https:\/\/exclusiveproperties.al\/sq\/"},{"@type":"ListItem","position":2,"name":"Pronat"}]},{"@type":"WebSite","@id":"https:\/\/exclusiveproperties.al\/sq\/#website","url":"https:\/\/exclusiveproperties.al\/sq\/","name":"Exclusive Properties","description":"WE SEE, WE VALUE, WE SELL YOUR PROPERTY!","potentialAction":[{"@type":"SearchAction","target":{"@type":"EntryPoint","urlTemplate":"https:\/\/exclusiveproperties.al\/sq\/?s={search_term_string}"},"query-input":{"@type":"PropertyValueSpecification","valueRequired":true,"valueName":"search_term_string"}}],"inLanguage":"sq-AL"}]}},"_links":{"self":[{"href":"https:\/\/exclusiveproperties.al\/sq\/wp-json\/wp\/v2\/pages\/269","targetHints":{"allow":["GET"]}}],"collection":[{"href":"https:\/\/exclusiveproperties.al\/sq\/wp-json\/wp\/v2\/pages"}],"about":[{"href":"https:\/\/exclusiveproperties.al\/sq\/wp-json\/wp\/v2\/types\/page"}],"author":[{"embeddable":true,"href":"https:\/\/exclusiveproperties.al\/sq\/wp-json\/wp\/v2\/users\/1"}],"replies":[{"embeddable":true,"href":"https:\/\/exclusiveproperties.al\/sq\/wp-json\/wp\/v2\/comments?post=269"}],"version-history":[{"count":8,"href":"https:\/\/exclusiveproperties.al\/sq\/wp-json\/wp\/v2\/pages\/269\/revisions"}],"predecessor-version":[{"id":2052,"href":"https:\/\/exclusiveproperties.al\/sq\/wp-json\/wp\/v2\/pages\/269\/revisions\/2052"}],"wp:attachment":[{"href":"https:\/\/exclusiveproperties.al\/sq\/wp-json\/wp\/v2\/media?parent=269"}],"curies":[{"name":"wp","href":"https:\/\/api.w.org\/{rel}","templated":true}]}}